{"id":9,"date":"2013-05-31T11:56:39","date_gmt":"2013-05-31T11:56:39","guid":{"rendered":"http:\/\/impreza.us-themes.net\/pages\/contact\/"},"modified":"2019-03-19T20:35:53","modified_gmt":"2019-03-19T19:35:53","slug":"kontakt","status":"publish","type":"page","link":"http:\/\/robert-zimny.com.pl\/index.php\/kontakt\/","title":{"rendered":"Kontakt"},"content":{"rendered":"<section class=\"l-section wpb_row height_auto width_full\"><div class=\"l-section-h i-cf\"><div class=\"g-cols offset_small\"><div class=\" full-width\"><div class=\"w-map\" id=\"us_map_1\" style=\"height: 400px\"><div class=\"w-map-h\"><\/div><div class=\"w-map-json\" onclick='return {\"address\":\"58-305 Wa\\u0142brzych ul. Sportowa 12\",\"markers\":[{\"address\":\"58-305 Wa\\u0142brzych ul. Sportowa 12\",\"html\":\"Biuro\",\"infowindow\":false},{\"html\":\"Our Second Office\",\"address\":\"2091 Stierlin Ct, Mountain View, CA 94043\",\"latitude\":null,\"longitude\":null},{\"html\":\"Our Third Office\",\"address\":\"1055 Joaquin Rd #200, Mountain View, CA 94043\",\"latitude\":null,\"longitude\":null},{\"html\":\"Some Store\",\"address\":\"918 Industrial Ave, Palo Alto, CA 94303\",\"latitude\":null,\"longitude\":null}],\"zoom\":15,\"maptype\":\"SATELLITE\",\"height\":\"400\"}'><\/div><\/div><\/div><\/div><\/div><\/section><section class=\"l-section wpb_row height_medium\"><div class=\"l-section-h i-cf\"><div class=\"g-cols offset_small\"><div class=\" one-third\"><div class=\"wpb_text_column \"><div class=\"wpb_wrapper\">\n<h3>Social Media<\/h3>\n<\/div> <\/div> <div class=\"w-socials size_medium align_left style_desaturated index_1\"><div class=\"w-socials-list\"><div class=\"w-socials-item facebook\">\n\t\t\t\t<a class=\"w-socials-item-link\" target=\"_blank\" href=\"#\">\n\t\t\t\t\t<span class=\"w-socials-item-link-hover\"><\/span>\n\t\t\t\t<\/a>\n\t\t\t\t<div class=\"w-socials-item-popup\">\n\t\t\t\t\t<span>Facebook<\/span>\n\t\t\t\t<\/div>\n\t\t\t<\/div><div class=\"w-socials-item twitter\">\n\t\t\t\t<a class=\"w-socials-item-link\" target=\"_blank\" href=\"#\">\n\t\t\t\t\t<span class=\"w-socials-item-link-hover\"><\/span>\n\t\t\t\t<\/a>\n\t\t\t\t<div class=\"w-socials-item-popup\">\n\t\t\t\t\t<span>Twitter<\/span>\n\t\t\t\t<\/div>\n\t\t\t<\/div><div class=\"w-socials-item google\">\n\t\t\t\t<a class=\"w-socials-item-link\" target=\"_blank\" href=\"#\">\n\t\t\t\t\t<span class=\"w-socials-item-link-hover\"><\/span>\n\t\t\t\t<\/a>\n\t\t\t\t<div class=\"w-socials-item-popup\">\n\t\t\t\t\t<span>Google+<\/span>\n\t\t\t\t<\/div>\n\t\t\t<\/div><\/div><\/div><div class=\"w-separator type_invisible size_medium thick_1 style_solid color_border cont_none\"><span class=\"w-separator-h\"><\/span><\/div><div class=\"wpb_text_column \"><div class=\"wpb_wrapper\">\n<h3>Informacje kontaktowe<\/h3>\n<\/div> <\/div> <div class=\"w-contacts\"><div class=\"w-contacts-list\"><div class=\"w-contacts-item for_address\"><span class=\"w-contacts-item-value\">ul. Sportowa 12, 58-305 Wa\u0142brzych<\/span><\/div><div class=\"w-contacts-item for_phone\"><span class=\"w-contacts-item-value\">(74) 84 265 67<\/span><\/div><div class=\"w-contacts-item for_fax\"><span class=\"w-contacts-item-value\">(74) 84 858 50<\/span><\/div><div class=\"w-contacts-item for_email\"><span class=\"w-contacts-item-value\"><a href=\"mailto:biuro@robert-zimny.com.pl\">biuro@robert-zimny.com.pl<\/a><\/span><\/div><\/div><\/div><\/div><div class=\" two-thirds\"><div class=\"wpb_text_column \"><div class=\"wpb_wrapper\">\n<h3>Zapraszamy do kontaktu<\/h3>\n<p>Je\u015bli maj\u0105 Pa\u0144stwo jakiekolwiek pytania lub w\u0105tpliwo\u015bci, w\u00f3wczas gor\u0105co zapraszamy do kontaktu. Nasza wyspecjalizowana kadra pracownicza z przyjemno\u015bci\u0105 doradzi jak szybko i efektywnie przyst\u0105pi\u0107 z nami do wsp\u00f3\u0142pracy.<\/div> <\/div> <div class=\"w-form for_cform align_left\" id=\"us_form_1\">\n\t<form class=\"w-form-h\" autocomplete=\"off\" action=\"http:\/\/robert-zimny.com.pl\/index.php\/wp-json\/wp\/v2\/pages\/9\" method=\"post\">\n\t\t\t\t\t\t\t<div class=\"w-form-row for_name\">\n\t<div class=\"w-form-row-label\">\n\t\t<label for=\"us_form_1_name\"><\/label>\n\t<\/div>\n\t<div class=\"w-form-row-field\">\n\t\t\t\t<input type=\"text\" name=\"name\" id=\"us_form_1_name\" value=\"\"\n\t\t       placeholder=\"Name\"\/>\n\t\t<span class=\"w-form-row-field-bar\"><\/span>\n\t\t\t<\/div>\n\t<div class=\"w-form-row-state\"><\/div>\n\t<\/div>\n\t\t\t\t\t<div class=\"w-form-row for_email required\">\n\t<div class=\"w-form-row-label\">\n\t\t<label for=\"us_form_1_email\"><\/label>\n\t<\/div>\n\t<div class=\"w-form-row-field\">\n\t\t\t\t<input type=\"email\" name=\"email\" id=\"us_form_1_email\" value=\"\"\n\t\t       placeholder=\"Email *\" data-required=\"true\" aria-required=\"true\"\/>\n\t\t<span class=\"w-form-row-field-bar\"><\/span>\n\t\t\t<\/div>\n\t<div class=\"w-form-row-state\"><\/div>\n\t<\/div>\n\t\t\t\t\t<div class=\"w-form-row for_message required\">\n\t<div class=\"w-form-row-label\">\n\t\t<label for=\"us_form_1_message\"><\/label>\n\t<\/div>\n\t<div class=\"w-form-row-field\">\n\t\t\t\t<textarea name=\"message\" id=\"us_form_1_message\" cols=\"30\" rows=\"10\" placeholder=\"Message *\"\n\t\t\t data-required=\"true\" aria-required=\"true\"><\/textarea>\n\t\t<span class=\"w-form-row-field-bar\"><\/span>\n\t\t\t<\/div>\n\t<div class=\"w-form-row-state\"><\/div>\n\t<\/div>\n\t\t\t\t\t<input type=\"hidden\" name=\"action\" value=\"us_ajax_cform\"\/>\n\t\t\t\t\t<input type=\"hidden\" name=\"post_id\" value=\"9\"\/>\n\t\t\t\t\t<input type=\"hidden\" name=\"form_index\" value=\"1\"\/>\n\t\t\t\t\t<div class=\"w-form-row for_submit\">\n\t<div class=\"w-form-row-field\">\n\t\t<button class=\"w-btn size_medium color_primary style_solid\" type=\"submit\"><span class=\"g-preloader type_1\"><\/span><span class=\"w-btn-label\">Skontaktuj si\u0119<\/span><\/button>\n\t<\/div>\n<\/div>\n\t\t\t\t<div class=\"w-form-message\"><\/div>\n\t\t\t<\/form>\n\t\t\t<div class=\"w-form-json hidden\" onclick='return {\"ajaxurl\":\"http:\\\/\\\/robert-zimny.com.pl\\\/wp-admin\\\/admin-ajax.php\",\"success\":\"Thank you! Your message was sent.\",\"errors\":{\"name\":\"Please enter your Name\",\"email\":\"Please enter your Email\",\"message\":\"Please enter a Message\"}}'><\/div>\n\t<\/div>\n<\/div><\/div><\/div><\/section><section class=\"l-section wpb_row height_medium\"><div class=\"l-section-h i-cf\"><div class=\"g-cols offset_small\"><div class=\" one-quarter\"><div class=\"wpb_text_column \"><div class=\"wpb_wrapper\">\n<h5>Wynajem sprz\u0119tu:<\/h5>\n<p><a href=\"mailto:wynajem@robert-zimny.com.pl\" target=\"_blank\" rel=\"noopener\">wynajem@robert-zimny.com.pl<\/a><\/div> <\/div> <\/div><div class=\" one-quarter\"><div class=\"wpb_text_column \"><div class=\"wpb_wrapper\">\n<h5>Us\u0142ugi transportowe:<\/h5>\n<p><a href=\"mailto:transport@robert-zimny.com.pl\" target=\"_blank\" rel=\"noopener\">transport@robert-zimny.com.pl<\/a><\/div> <\/div> <\/div><div class=\" one-quarter\"><div class=\"wpb_text_column \"><div class=\"wpb_wrapper\">\n<h5>Sprzeda\u017c kruszyw:<\/h5>\n<p><a href=\"mailto:kruszywa@robert-zimny.com.pl\" target=\"_blank\" rel=\"noopener\">kruszywa@robert-zimny.com.pl<\/a><\/div> <\/div> <\/div><div class=\" one-quarter\"><div class=\"wpb_text_column \"><div class=\"wpb_wrapper\">\n<h5>Warsztat i serwis:<\/h5>\n<p><a href=\"mailto:warsztat@robert-zimny.com.pl\" target=\"_blank\" rel=\"noopener\">warsztat@robert-zimny.com.pl<\/a><\/div> <\/div> <\/div><\/div><\/div><\/section>\n","protected":false},"excerpt":{"rendered":"Social Media Facebook Twitter Google+ Informacje kontaktowe ul. Sportowa 12, 58-305 Wa\u0142brzych(74) 84 265 67(74) 84 858 50biuro@robert-zimny.com.pl Zapraszamy do kontaktu Je\u015bli maj\u0105 Pa\u0144stwo jakiekolwiek pytania lub w\u0105tpliwo\u015bci, w\u00f3wczas gor\u0105co...","protected":false},"author":4,"featured_media":0,"parent":0,"menu_order":0,"comment_status":"closed","ping_status":"closed","template":"","meta":[],"aioseo_notices":[],"_links":{"self":[{"href":"http:\/\/robert-zimny.com.pl\/index.php\/wp-json\/wp\/v2\/pages\/9"}],"collection":[{"href":"http:\/\/robert-zimny.com.pl\/index.php\/wp-json\/wp\/v2\/pages"}],"about":[{"href":"http:\/\/robert-zimny.com.pl\/index.php\/wp-json\/wp\/v2\/types\/page"}],"author":[{"embeddable":true,"href":"http:\/\/robert-zimny.com.pl\/index.php\/wp-json\/wp\/v2\/users\/4"}],"replies":[{"embeddable":true,"href":"http:\/\/robert-zimny.com.pl\/index.php\/wp-json\/wp\/v2\/comments?post=9"}],"version-history":[{"count":7,"href":"http:\/\/robert-zimny.com.pl\/index.php\/wp-json\/wp\/v2\/pages\/9\/revisions"}],"predecessor-version":[{"id":5270,"href":"http:\/\/robert-zimny.com.pl\/index.php\/wp-json\/wp\/v2\/pages\/9\/revisions\/5270"}],"wp:attachment":[{"href":"http:\/\/robert-zimny.com.pl\/index.php\/wp-json\/wp\/v2\/media?parent=9"}],"curies":[{"name":"wp","href":"https:\/\/api.w.org\/{rel}","templated":true}]}}