{"id":5304,"date":"2024-08-02T10:11:30","date_gmt":"2024-08-02T08:11:30","guid":{"rendered":"http:\/\/robert-zimny.com.pl\/?page_id=5304"},"modified":"2025-11-24T12:45:54","modified_gmt":"2025-11-24T11:45:54","slug":"informacja-o-uzyskanym-dofinansowaniu","status":"publish","type":"page","link":"http:\/\/robert-zimny.com.pl\/index.php\/informacja-o-uzyskanym-dofinansowaniu\/","title":{"rendered":"Informacja o uzyskanym dofinansowaniu"},"content":{"rendered":"<div class=\"wp-block-image\">\n<figure class=\"aligncenter size-large is-resized\"><img loading=\"lazy\" src=\"http:\/\/robert-zimny.com.pl\/wp-content\/uploads\/2024\/08\/FEDDS-kolor-poziom-1024x106.png\" alt=\"\" class=\"wp-image-5302\" width=\"821\" height=\"84\" srcset=\"http:\/\/robert-zimny.com.pl\/wp-content\/uploads\/2024\/08\/FEDDS-kolor-poziom-1024x106.png 1024w, http:\/\/robert-zimny.com.pl\/wp-content\/uploads\/2024\/08\/FEDDS-kolor-poziom-300x31.png 300w, http:\/\/robert-zimny.com.pl\/wp-content\/uploads\/2024\/08\/FEDDS-kolor-poziom-768x80.png 768w, http:\/\/robert-zimny.com.pl\/wp-content\/uploads\/2024\/08\/FEDDS-kolor-poziom-600x62.png 600w, http:\/\/robert-zimny.com.pl\/wp-content\/uploads\/2024\/08\/FEDDS-kolor-poziom.png 1500w\" sizes=\"(max-width: 821px) 100vw, 821px\" \/><\/figure><\/div>\n\n<a href=\"http:\/\/robert-zimny.com.pl\/wp-content\/uploads\/2025\/11\/Na-strone-Stabilizacja.pdf\" class=\"pdfemb-viewer\" style=\"\" data-width=\"max\" data-height=\"max\"  data-toolbar=\"bottom\" data-toolbar-fixed=\"off\">Na-strone-Stabilizacja<br\/><\/a>\n\n\n<a href=\"http:\/\/robert-zimny.com.pl\/wp-content\/uploads\/2025\/04\/Na-strone.pdf\" class=\"pdfemb-viewer\" style=\"\" data-width=\"max\" data-height=\"max\"  data-toolbar=\"bottom\" data-toolbar-fixed=\"off\">Na-strone<br\/><\/a>\n\n\n\n<p>#FunduszeUE #FunduszeEuropekskie<\/p>\n\n\n\n<p><\/p>\n\n\n\n<p><\/p>\n\n\n\n<p class=\"has-medium-font-size\"><code>\u2022 Dotacje na kapita\u0142 obrotowy Programu Operacyjnego Inteligentny Rozw\u00f3j 2014-2020<\/code><\/p>\n\n\n\n<p class=\"has-medium-font-size\">Nr Umowy: POIR.03.04.00-24-0194\/20-00<\/p>\n\n\n\n<p class=\"has-medium-font-size\">Nazwa Beneficjenta: Przedsi\u0119biorstwo Us\u0142ugowo-Budowlane Robert Zimny<\/p>\n\n\n\n<p class=\"has-medium-font-size\">Warto\u015b\u0107 projektu: 112 464,00 z\u0142 w tym 100% ze \u015brodk\u00f3w europejskich EFRR<\/p>\n\n\n\n<p class=\"has-medium-font-size\">Okres realizacji: 01.07.2020-30.09.2020<\/p>\n\n\n\n<p class=\"has-medium-font-size\">PROJEKT WSP\u00d3\u0141FINANSOWANY PRZEZ UNI\u0118 EUROPEJSK\u0104<\/p>\n\n\n\n<p class=\"has-medium-font-size\">Z EUROPEJSKIEGO FUNDUSZU ROZWOJU REGIONALNEGO<\/p>\n\n\n\n<p class=\"has-medium-font-size\">W RAMACH PROGRAMU OPERACYJNEGO INTELIGENTNY ROZW\u00d3J<\/p>\n\n\n\n<p class=\"has-medium-font-size\">Przedsi\u0119biorstwo us\u0142ugowo-Budowlane Robert Zimny w dniu 16.07.2020r. otrzyma\u0142a wsparcie ze \u015brodk\u00f3w Europejskiego Funduszu Rozwoju Regionalnego w ramach programu \u201eUmowa o dofinansowanie projektu w ramach dzia\u0142ania Dotacje na kapita\u0142 obrotowy Programu Operacyjnego Inteligentny Rozw\u00f3j 2014-2020\u201d<\/p>\n\n\n\n<p class=\"has-medium-font-size\">\u2212&nbsp;cele projektu : Otrzymane dofinansowanie&nbsp;Przedsi\u0119biorstwo Us\u0142ugowo-Budowlane Robert Zimny&nbsp;b\u0119dzie m\u00f3g\u0142&nbsp;przeznaczy\u0107 na koszty funkcjonowania przedsi\u0119biorstwa oraz te zwi\u0105zane z finansowaniem kapita\u0142u obrotowego, tj. op\u0142acenie medi\u00f3w, najem powierzchni, zakup towar\u00f3w czy ubezpieczenie dzia\u0142alno\u015bci.<\/p>\n\n\n\n<p class=\"has-medium-font-size\">\u2212&nbsp;planowane efekty :&nbsp;Utrzymanie p\u0142ynno\u015bci finansowej przedsi\u0119biorstwa, w zwi\u0105zku z negatywnymi skutkami pandemii COVID-19<\/p>\n\n\n\n<p class=\"has-medium-font-size\">\u2212&nbsp;warto\u015b\u0107 projektu:&nbsp;&nbsp;125.738,58 z\u0142 s\u0142ownie sto dwadzie\u015bcia pi\u0119\u0107 tysi\u0119cy siedemset trzydzie\u015bci osiem z\u0142otych 58\/100<\/p>\n\n\n\n<p class=\"has-medium-font-size\">\u2212&nbsp;wk\u0142ad Funduszy Europejskich:&nbsp;&nbsp;125.738,58 z\u0142 s\u0142ownie sto dwadzie\u015bcia pi\u0119\u0107 tysi\u0119cy siedemset trzydzie\u015bci osiem z\u0142otych 58\/100<br><\/p>\n\n\n\n<p><\/p>\n","protected":false},"excerpt":{"rendered":"<p>#FunduszeUE #FunduszeEuropekskie \u2022 Dotacje na kapita\u0142 obrotowy Programu Operacyjnego Inteligentny Rozw\u00f3j 2014-2020 Nr Umowy: POIR.03.04.00-24-0194\/20-00 Nazwa Beneficjenta: Przedsi\u0119biorstwo Us\u0142ugowo-Budowlane Robert Zimny Warto\u015b\u0107 projektu: 112 464,00 z\u0142 w tym 100% ze&#8230;<\/p>\n","protected":false},"author":5,"featured_media":0,"parent":0,"menu_order":0,"comment_status":"closed","ping_status":"closed","template":"","meta":[],"aioseo_notices":[],"_links":{"self":[{"href":"http:\/\/robert-zimny.com.pl\/index.php\/wp-json\/wp\/v2\/pages\/5304"}],"collection":[{"href":"http:\/\/robert-zimny.com.pl\/index.php\/wp-json\/wp\/v2\/pages"}],"about":[{"href":"http:\/\/robert-zimny.com.pl\/index.php\/wp-json\/wp\/v2\/types\/page"}],"author":[{"embeddable":true,"href":"http:\/\/robert-zimny.com.pl\/index.php\/wp-json\/wp\/v2\/users\/5"}],"replies":[{"embeddable":true,"href":"http:\/\/robert-zimny.com.pl\/index.php\/wp-json\/wp\/v2\/comments?post=5304"}],"version-history":[{"count":9,"href":"http:\/\/robert-zimny.com.pl\/index.php\/wp-json\/wp\/v2\/pages\/5304\/revisions"}],"predecessor-version":[{"id":5333,"href":"http:\/\/robert-zimny.com.pl\/index.php\/wp-json\/wp\/v2\/pages\/5304\/revisions\/5333"}],"wp:attachment":[{"href":"http:\/\/robert-zimny.com.pl\/index.php\/wp-json\/wp\/v2\/media?parent=5304"}],"curies":[{"name":"wp","href":"https:\/\/api.w.org\/{rel}","templated":true}]}}