{"id":5151,"date":"2016-05-25T10:49:36","date_gmt":"2016-05-25T08:49:36","guid":{"rendered":"http:\/\/robert-zimny.com.pl\/?page_id=5151"},"modified":"2021-12-17T08:57:17","modified_gmt":"2021-12-17T07:57:17","slug":"strzelnica-kulowa-bunkier","status":"publish","type":"page","link":"http:\/\/robert-zimny.com.pl\/index.php\/strzelnica-kulowa-bunkier\/","title":{"rendered":"STRZELNICA KULOWA \u201eBUNKIER\u201d"},"content":{"rendered":"<section class=\"l-section wpb_row height_medium\"><div class=\"l-section-h i-cf\"><div class=\"g-cols offset_small\"><div class=\" one-half\"><div class=\"w-image \"><img width=\"3072\" height=\"2304\" src=\"http:\/\/robert-zimny.com.pl\/wp-content\/uploads\/2016\/05\/DSCF4959.jpg\" class=\"attachment-full size-full\" alt=\"\" loading=\"lazy\" srcset=\"http:\/\/robert-zimny.com.pl\/wp-content\/uploads\/2016\/05\/DSCF4959.jpg 3072w, http:\/\/robert-zimny.com.pl\/wp-content\/uploads\/2016\/05\/DSCF4959-300x225.jpg 300w, http:\/\/robert-zimny.com.pl\/wp-content\/uploads\/2016\/05\/DSCF4959-768x576.jpg 768w, http:\/\/robert-zimny.com.pl\/wp-content\/uploads\/2016\/05\/DSCF4959-1024x768.jpg 1024w, http:\/\/robert-zimny.com.pl\/wp-content\/uploads\/2016\/05\/DSCF4959-600x450.jpg 600w\" sizes=\"(max-width: 3072px) 100vw, 3072px\" \/><\/div><div class=\"wpb_text_column \"><div class=\"wpb_wrapper\">\n<h5>SZKOLENIA STRZELECKIE<\/h5>\n<h5>STRZELANIA REKREACYJNE I\u00a0TRENINGOWE<\/h5>\n<p>Organizujemy zaj\u0119cia, szkolenia oraz kursy\u00a0strzeleckie dla pocz\u0105tkuj\u0105cych i zaawansowanych strzelc\u00f3w.<\/p>\n<p>Nasz obiekt po\u0142o\u017cony jest w Wa\u0142brzychu przy ul. Sportowej.<br \/>\nStrzelnica posiada cztery tory.<br \/>\nD\u0142ugo\u015b\u0107 tor\u00f3w 25 metr\u00f3w.<\/p>\n<p>Strzelnica prowadzona jest przez wykwalifikowan\u0105 kadr\u0119,\u00a0dzi\u0119ki temu ka\u017cda osoba nie posiadaj\u0105ca do\u015bwiadczenia \u00a0oraz odpowiednich uprawnie\u0144 \u00a0mo\u017ce bezpiecznie korzysta\u0107 \u00a0ze strzelnicy i broni pozostaj\u0105cej w jej dyspozycji.<\/div> <\/div> <\/div><div class=\" one-half\"><div class=\"w-image \"><img width=\"3072\" height=\"2304\" src=\"http:\/\/robert-zimny.com.pl\/wp-content\/uploads\/2016\/05\/DSCF4962.jpg\" class=\"attachment-full size-full\" alt=\"\" loading=\"lazy\" srcset=\"http:\/\/robert-zimny.com.pl\/wp-content\/uploads\/2016\/05\/DSCF4962.jpg 3072w, http:\/\/robert-zimny.com.pl\/wp-content\/uploads\/2016\/05\/DSCF4962-300x225.jpg 300w, http:\/\/robert-zimny.com.pl\/wp-content\/uploads\/2016\/05\/DSCF4962-768x576.jpg 768w, http:\/\/robert-zimny.com.pl\/wp-content\/uploads\/2016\/05\/DSCF4962-1024x768.jpg 1024w, http:\/\/robert-zimny.com.pl\/wp-content\/uploads\/2016\/05\/DSCF4962-600x450.jpg 600w\" sizes=\"(max-width: 3072px) 100vw, 3072px\" \/><\/div><div class=\"wpb_text_column \"><div class=\"wpb_wrapper\">\n<h5>CENNIK:<\/h5>\n<ul>\n<li>stanowisko\u00a0 strzeleckie 50z\u0142\/osob\u0119<\/li>\n<li>wypo\u017cyczenie broni obiektowej\u00a0 30z\u0142\/ za ka\u017cd\u0105 sztuk\u0119<\/li>\n<li>wej\u015bcie z w\u0142asn\u0105 broni\u0105 50 z\u0142.<\/li>\n<\/ul>\n<p>Do wypo\u017cyczonej broni doliczamy op\u0142at\u0119 za amunicj\u0119<\/p>\n<ul>\n<li>cal.0,22 LR( boczny zap\u0142on) \u2013 70 z\u0142. (paczka 50 szt)<\/li>\n<li>cal 7,62 mm X 39 (kbk AK-47)- 80 z\u0142. (paczka 20 szt)<\/li>\n<li>cal 9 mm (pistolet)-100 z\u0142. (paczka 50 szt)<\/li>\n<li>inna amunicja wed\u0142ug indywidualnych ustale\u0144<\/li>\n<li>tarcza-2 z\u0142.<\/li>\n<\/ul>\n<p>W cen\u0119 wliczona jest opieka instruktora, szkolenie.\u00a0Nie ma innych op\u0142at.<\/div> <\/div> <\/div><\/div><\/div><\/section><section class=\"l-section wpb_row height_medium\"><div class=\"l-section-h i-cf\"><div class=\"g-cols offset_small\"><div class=\" full-width\"><div class=\"w-btn-wrapper align_center\"><a class=\"w-btn style_solid size_medium color_primary icon_none\" href=\"http:\/\/robert-zimny.com.pl\/wp-content\/uploads\/2017\/04\/Regulamin-strzelnicy.pdf\" target=\"_blank\" title=\"Regulamin strzelnicy\"><span class=\"w-btn-label\">Regulamin strzelnicy<\/span><\/a><\/div><div class=\"w-separator type_default size_medium thick_1 style_solid color_border cont_text\"><span class=\"w-separator-h\"><h6>Kontakt:<\/h6><\/span><\/div><div class=\"wpb_text_column \"><div class=\"wpb_wrapper\">\n<h5 style=\"text-align: center;\">W przypadku ch\u0119ci rezerwacji lub pyta\u0144 zapraszamy\u00a0do kontaktu:<\/h5>\n<p style=\"text-align: center;\">Robert tel: 607799084<\/p>\n<p style=\"text-align: center;\">\u0141ukasz tel: 601587335<\/p>\n<\/div> <\/div> <div class=\"w-separator type_default size_medium thick_1 style_solid color_border cont_text\"><span class=\"w-separator-h\"><h6>Polub nas:<\/h6><\/span><\/div><div class=\"w-socials size_large align_center style_colored index_1\"><div class=\"w-socials-list\"><div class=\"w-socials-item facebook\">\n\t\t\t\t<a class=\"w-socials-item-link\" target=\"_blank\" href=\"https:\/\/www.facebook.com\/StrzelnicaWalbrzych\/?fref=ts\">\n\t\t\t\t\t<span class=\"w-socials-item-link-hover\"><\/span>\n\t\t\t\t<\/a>\n\t\t\t\t<div class=\"w-socials-item-popup\">\n\t\t\t\t\t<span>Facebook<\/span>\n\t\t\t\t<\/div>\n\t\t\t<\/div><div class=\"w-socials-item google\">\n\t\t\t\t<a class=\"w-socials-item-link\" target=\"_blank\" href=\"https:\/\/www.google.pl\/maps\/place\/Strzelnica+Wa%C5%82brzych+%22Bunkier%22\/@50.76532,16.242604,15z\/data=!4m5!3m4!1s0x0:0x85a3c75f34d58ad3!8m2!3d50.76532!4d16.242604\">\n\t\t\t\t\t<span class=\"w-socials-item-link-hover\"><\/span>\n\t\t\t\t<\/a>\n\t\t\t\t<div class=\"w-socials-item-popup\">\n\t\t\t\t\t<span>Google+<\/span>\n\t\t\t\t<\/div>\n\t\t\t<\/div><\/div><\/div><div class=\"w-separator type_default size_medium thick_1 style_solid color_border cont_text\"><span class=\"w-separator-h\"><h6>Galeria<\/h6><\/span><\/div><div class=\"w-gallery layout_default cols_5 link_media\"><div class=\"w-gallery-list\"><a class=\"w-gallery-item order_1\" href=\"http:\/\/robert-zimny.com.pl\/wp-content\/uploads\/2016\/05\/DSCF4963.jpg\" title=\"DSCF4963\"><img width=\"350\" height=\"350\" src=\"http:\/\/robert-zimny.com.pl\/wp-content\/uploads\/2016\/05\/DSCF4963-350x350.jpg\" class=\"w-gallery-item-img\" alt=\"\" loading=\"lazy\" srcset=\"http:\/\/robert-zimny.com.pl\/wp-content\/uploads\/2016\/05\/DSCF4963-350x350.jpg 350w, http:\/\/robert-zimny.com.pl\/wp-content\/uploads\/2016\/05\/DSCF4963-150x150.jpg 150w, http:\/\/robert-zimny.com.pl\/wp-content\/uploads\/2016\/05\/DSCF4963-600x600.jpg 600w\" sizes=\"(max-width: 350px) 100vw, 350px\" \/><span class=\"w-gallery-item-hover\"><\/span><span class=\"w-gallery-item-title\">DSCF4963<\/span><\/a><a class=\"w-gallery-item order_2\" href=\"http:\/\/robert-zimny.com.pl\/wp-content\/uploads\/2016\/05\/DSCF4962.jpg\" title=\"DSCF4962\"><img width=\"350\" height=\"350\" src=\"http:\/\/robert-zimny.com.pl\/wp-content\/uploads\/2016\/05\/DSCF4962-350x350.jpg\" class=\"w-gallery-item-img\" alt=\"\" loading=\"lazy\" srcset=\"http:\/\/robert-zimny.com.pl\/wp-content\/uploads\/2016\/05\/DSCF4962-350x350.jpg 350w, http:\/\/robert-zimny.com.pl\/wp-content\/uploads\/2016\/05\/DSCF4962-150x150.jpg 150w, http:\/\/robert-zimny.com.pl\/wp-content\/uploads\/2016\/05\/DSCF4962-600x600.jpg 600w\" sizes=\"(max-width: 350px) 100vw, 350px\" \/><span class=\"w-gallery-item-hover\"><\/span><span class=\"w-gallery-item-title\">DSCF4962<\/span><\/a><a class=\"w-gallery-item order_3\" href=\"http:\/\/robert-zimny.com.pl\/wp-content\/uploads\/2016\/05\/DSCF4960.jpg\" title=\"DSCF4960\"><img width=\"350\" height=\"350\" src=\"http:\/\/robert-zimny.com.pl\/wp-content\/uploads\/2016\/05\/DSCF4960-350x350.jpg\" class=\"w-gallery-item-img\" alt=\"\" loading=\"lazy\" srcset=\"http:\/\/robert-zimny.com.pl\/wp-content\/uploads\/2016\/05\/DSCF4960-350x350.jpg 350w, http:\/\/robert-zimny.com.pl\/wp-content\/uploads\/2016\/05\/DSCF4960-150x150.jpg 150w, http:\/\/robert-zimny.com.pl\/wp-content\/uploads\/2016\/05\/DSCF4960-600x600.jpg 600w\" sizes=\"(max-width: 350px) 100vw, 350px\" \/><span class=\"w-gallery-item-hover\"><\/span><span class=\"w-gallery-item-title\">DSCF4960<\/span><\/a><a class=\"w-gallery-item order_4\" href=\"http:\/\/robert-zimny.com.pl\/wp-content\/uploads\/2016\/05\/DSCF4959-1.jpg\" title=\"DSCF4959\"><img width=\"350\" height=\"350\" src=\"http:\/\/robert-zimny.com.pl\/wp-content\/uploads\/2016\/05\/DSCF4959-1-350x350.jpg\" class=\"w-gallery-item-img\" alt=\"\" loading=\"lazy\" srcset=\"http:\/\/robert-zimny.com.pl\/wp-content\/uploads\/2016\/05\/DSCF4959-1-350x350.jpg 350w, http:\/\/robert-zimny.com.pl\/wp-content\/uploads\/2016\/05\/DSCF4959-1-150x150.jpg 150w, http:\/\/robert-zimny.com.pl\/wp-content\/uploads\/2016\/05\/DSCF4959-1-600x600.jpg 600w\" sizes=\"(max-width: 350px) 100vw, 350px\" \/><span class=\"w-gallery-item-hover\"><\/span><span class=\"w-gallery-item-title\">DSCF4959<\/span><\/a><a class=\"w-gallery-item order_5\" href=\"http:\/\/robert-zimny.com.pl\/wp-content\/uploads\/2016\/05\/DSCF4961.jpg\" title=\"DSCF4961\"><img width=\"350\" height=\"350\" src=\"http:\/\/robert-zimny.com.pl\/wp-content\/uploads\/2016\/05\/DSCF4961-350x350.jpg\" class=\"w-gallery-item-img\" alt=\"\" loading=\"lazy\" srcset=\"http:\/\/robert-zimny.com.pl\/wp-content\/uploads\/2016\/05\/DSCF4961-350x350.jpg 350w, http:\/\/robert-zimny.com.pl\/wp-content\/uploads\/2016\/05\/DSCF4961-150x150.jpg 150w, http:\/\/robert-zimny.com.pl\/wp-content\/uploads\/2016\/05\/DSCF4961-600x600.jpg 600w\" sizes=\"(max-width: 350px) 100vw, 350px\" \/><span class=\"w-gallery-item-hover\"><\/span><span class=\"w-gallery-item-title\">DSCF4961<\/span><\/a><\/div><\/div>\n<\/div><\/div><\/div><\/section>\n","protected":false},"excerpt":{"rendered":"SZKOLENIA STRZELECKIE STRZELANIA REKREACYJNE I\u00a0TRENINGOWE Organizujemy zaj\u0119cia, szkolenia oraz kursy\u00a0strzeleckie dla pocz\u0105tkuj\u0105cych i zaawansowanych strzelc\u00f3w. Nasz obiekt po\u0142o\u017cony jest w Wa\u0142brzychu przy ul. Sportowej. Strzelnica posiada cztery tory. D\u0142ugo\u015b\u0107 tor\u00f3w...","protected":false},"author":4,"featured_media":0,"parent":0,"menu_order":0,"comment_status":"closed","ping_status":"closed","template":"","meta":[],"aioseo_notices":[],"_links":{"self":[{"href":"http:\/\/robert-zimny.com.pl\/index.php\/wp-json\/wp\/v2\/pages\/5151"}],"collection":[{"href":"http:\/\/robert-zimny.com.pl\/index.php\/wp-json\/wp\/v2\/pages"}],"about":[{"href":"http:\/\/robert-zimny.com.pl\/index.php\/wp-json\/wp\/v2\/types\/page"}],"author":[{"embeddable":true,"href":"http:\/\/robert-zimny.com.pl\/index.php\/wp-json\/wp\/v2\/users\/4"}],"replies":[{"embeddable":true,"href":"http:\/\/robert-zimny.com.pl\/index.php\/wp-json\/wp\/v2\/comments?post=5151"}],"version-history":[{"count":19,"href":"http:\/\/robert-zimny.com.pl\/index.php\/wp-json\/wp\/v2\/pages\/5151\/revisions"}],"predecessor-version":[{"id":5298,"href":"http:\/\/robert-zimny.com.pl\/index.php\/wp-json\/wp\/v2\/pages\/5151\/revisions\/5298"}],"wp:attachment":[{"href":"http:\/\/robert-zimny.com.pl\/index.php\/wp-json\/wp\/v2\/media?parent=5151"}],"curies":[{"name":"wp","href":"https:\/\/api.w.org\/{rel}","templated":true}]}}