{"id":5117,"date":"2016-05-16T12:28:24","date_gmt":"2016-05-16T10:28:24","guid":{"rendered":"http:\/\/robert-zimny.com.pl\/?page_id=5117"},"modified":"2018-04-03T14:04:32","modified_gmt":"2018-04-03T12:04:32","slug":"sprzedaz-i-transport-kruszyw","status":"publish","type":"page","link":"http:\/\/robert-zimny.com.pl\/index.php\/sprzedaz-i-transport-kruszyw\/","title":{"rendered":"Produkcja i  transport kruszyw"},"content":{"rendered":"<section class=\"l-section wpb_row height_medium\"><div class=\"l-section-h i-cf\"><div class=\"g-cols offset_small\"><div class=\" full-width\"><div class=\"w-image \"><img width=\"1280\" height=\"836\" src=\"http:\/\/robert-zimny.com.pl\/wp-content\/uploads\/2016\/05\/sprzedaz-kruszyw-zimny.jpg\" class=\"attachment-full size-full\" alt=\"\" loading=\"lazy\" srcset=\"http:\/\/robert-zimny.com.pl\/wp-content\/uploads\/2016\/05\/sprzedaz-kruszyw-zimny.jpg 1280w, http:\/\/robert-zimny.com.pl\/wp-content\/uploads\/2016\/05\/sprzedaz-kruszyw-zimny-300x196.jpg 300w, http:\/\/robert-zimny.com.pl\/wp-content\/uploads\/2016\/05\/sprzedaz-kruszyw-zimny-768x502.jpg 768w, http:\/\/robert-zimny.com.pl\/wp-content\/uploads\/2016\/05\/sprzedaz-kruszyw-zimny-1024x669.jpg 1024w, http:\/\/robert-zimny.com.pl\/wp-content\/uploads\/2016\/05\/sprzedaz-kruszyw-zimny-600x392.jpg 600w\" sizes=\"(max-width: 1280px) 100vw, 1280px\" \/><\/div><div class=\"wpb_text_column \"><div class=\"wpb_wrapper\">\n<h5>Produkcja i sprzeda\u017c kruszyw drogowych, kolejowych i og\u00f3lnobudowlanych.<\/h5>\n<p>Nasza oferta to m.in:<\/p>\n<p>Kruszywa granitowe w\u0142asnej produkcji:<\/p>\n<ul>\n<li>mieszanka 0-31,5 w cenie 16 z\u0142 netto<\/li>\n<li>mieszanka 0-63 w cenie 16,50 z\u0142 netto<\/li>\n<li>t\u0142ucze\u0144 31,5-63<\/li>\n<li>nadziarno 63-120<\/li>\n<li>niesort 0-150<\/li>\n<li>niesort 0-200<\/li>\n<\/ul>\n<p>Sprzeda\u017c i transport:<\/p>\n<ul>\n<li>piaski<\/li>\n<li>kruszywa drogowe z dowolnej kopalni.<\/li>\n<li>humus<\/li>\n<\/ul>\n<p>Transport wykonujemy w\u0142asnym taborem.<\/div> <\/div> <div class=\"w-gallery layout_default cols_6 link_media\"><div class=\"w-gallery-list\"><a class=\"w-gallery-item order_1\" href=\"http:\/\/robert-zimny.com.pl\/wp-content\/uploads\/2016\/05\/ci\u0105gnik-z-naczep\u0105-wywrotk\u0105.jpg\" title=\"ci\u0105gnik z naczep\u0105 wywrotk\u0105\"><img width=\"350\" height=\"350\" src=\"http:\/\/robert-zimny.com.pl\/wp-content\/uploads\/2016\/05\/ci\u0105gnik-z-naczep\u0105-wywrotk\u0105-350x350.jpg\" class=\"w-gallery-item-img\" alt=\"\" loading=\"lazy\" srcset=\"http:\/\/robert-zimny.com.pl\/wp-content\/uploads\/2016\/05\/ci\u0105gnik-z-naczep\u0105-wywrotk\u0105-350x350.jpg 350w, http:\/\/robert-zimny.com.pl\/wp-content\/uploads\/2016\/05\/ci\u0105gnik-z-naczep\u0105-wywrotk\u0105-150x150.jpg 150w, http:\/\/robert-zimny.com.pl\/wp-content\/uploads\/2016\/05\/ci\u0105gnik-z-naczep\u0105-wywrotk\u0105-600x600.jpg 600w\" sizes=\"(max-width: 350px) 100vw, 350px\" \/><span class=\"w-gallery-item-hover\"><\/span><span class=\"w-gallery-item-title\">ci\u0105gnik z naczep\u0105 wywrotk\u0105<\/span><\/a><a class=\"w-gallery-item order_2\" href=\"http:\/\/robert-zimny.com.pl\/wp-content\/uploads\/2016\/05\/DSC01809.jpg\" title=\"DSC01809\"><img width=\"350\" height=\"350\" src=\"http:\/\/robert-zimny.com.pl\/wp-content\/uploads\/2016\/05\/DSC01809-350x350.jpg\" class=\"w-gallery-item-img\" alt=\"\" loading=\"lazy\" srcset=\"http:\/\/robert-zimny.com.pl\/wp-content\/uploads\/2016\/05\/DSC01809-350x350.jpg 350w, http:\/\/robert-zimny.com.pl\/wp-content\/uploads\/2016\/05\/DSC01809-150x150.jpg 150w, http:\/\/robert-zimny.com.pl\/wp-content\/uploads\/2016\/05\/DSC01809-600x600.jpg 600w\" sizes=\"(max-width: 350px) 100vw, 350px\" \/><span class=\"w-gallery-item-hover\"><\/span><span class=\"w-gallery-item-title\">DSC01809<\/span><\/a><a class=\"w-gallery-item order_3\" href=\"http:\/\/robert-zimny.com.pl\/wp-content\/uploads\/2016\/05\/DSC00259.jpg\" title=\"DSC00259\"><img width=\"350\" height=\"350\" src=\"http:\/\/robert-zimny.com.pl\/wp-content\/uploads\/2016\/05\/DSC00259-350x350.jpg\" class=\"w-gallery-item-img\" alt=\"\" loading=\"lazy\" srcset=\"http:\/\/robert-zimny.com.pl\/wp-content\/uploads\/2016\/05\/DSC00259-350x350.jpg 350w, http:\/\/robert-zimny.com.pl\/wp-content\/uploads\/2016\/05\/DSC00259-150x150.jpg 150w, http:\/\/robert-zimny.com.pl\/wp-content\/uploads\/2016\/05\/DSC00259-600x600.jpg 600w\" sizes=\"(max-width: 350px) 100vw, 350px\" \/><span class=\"w-gallery-item-hover\"><\/span><span class=\"w-gallery-item-title\">DSC00259<\/span><\/a><a class=\"w-gallery-item order_4\" href=\"http:\/\/robert-zimny.com.pl\/wp-content\/uploads\/2016\/05\/DSC01811.jpg\" title=\"DSC01811\"><img width=\"350\" height=\"350\" src=\"http:\/\/robert-zimny.com.pl\/wp-content\/uploads\/2016\/05\/DSC01811-350x350.jpg\" class=\"w-gallery-item-img\" alt=\"\" loading=\"lazy\" srcset=\"http:\/\/robert-zimny.com.pl\/wp-content\/uploads\/2016\/05\/DSC01811-350x350.jpg 350w, http:\/\/robert-zimny.com.pl\/wp-content\/uploads\/2016\/05\/DSC01811-150x150.jpg 150w, http:\/\/robert-zimny.com.pl\/wp-content\/uploads\/2016\/05\/DSC01811-600x600.jpg 600w\" sizes=\"(max-width: 350px) 100vw, 350px\" \/><span class=\"w-gallery-item-hover\"><\/span><span class=\"w-gallery-item-title\">DSC01811<\/span><\/a><a class=\"w-gallery-item order_5\" href=\"http:\/\/robert-zimny.com.pl\/wp-content\/uploads\/2016\/05\/man6x8-1.jpg\" title=\"man6x8\"><img width=\"350\" height=\"350\" src=\"http:\/\/robert-zimny.com.pl\/wp-content\/uploads\/2016\/05\/man6x8-1-350x350.jpg\" class=\"w-gallery-item-img\" alt=\"\" loading=\"lazy\" srcset=\"http:\/\/robert-zimny.com.pl\/wp-content\/uploads\/2016\/05\/man6x8-1-350x350.jpg 350w, http:\/\/robert-zimny.com.pl\/wp-content\/uploads\/2016\/05\/man6x8-1-150x150.jpg 150w, http:\/\/robert-zimny.com.pl\/wp-content\/uploads\/2016\/05\/man6x8-1-600x600.jpg 600w\" sizes=\"(max-width: 350px) 100vw, 350px\" \/><span class=\"w-gallery-item-hover\"><\/span><span class=\"w-gallery-item-title\">man6x8<\/span><\/a><a class=\"w-gallery-item order_6\" href=\"http:\/\/robert-zimny.com.pl\/wp-content\/uploads\/2016\/05\/DSC03533.jpg\" title=\"SONY DSC\"><img width=\"350\" height=\"350\" src=\"http:\/\/robert-zimny.com.pl\/wp-content\/uploads\/2016\/05\/DSC03533-350x350.jpg\" class=\"w-gallery-item-img\" alt=\"\" loading=\"lazy\" srcset=\"http:\/\/robert-zimny.com.pl\/wp-content\/uploads\/2016\/05\/DSC03533-350x350.jpg 350w, http:\/\/robert-zimny.com.pl\/wp-content\/uploads\/2016\/05\/DSC03533-150x150.jpg 150w, http:\/\/robert-zimny.com.pl\/wp-content\/uploads\/2016\/05\/DSC03533-600x600.jpg 600w\" sizes=\"(max-width: 350px) 100vw, 350px\" \/><span class=\"w-gallery-item-hover\"><\/span><span class=\"w-gallery-item-title\">SONY DSC<\/span><\/a><a class=\"w-gallery-item order_7\" href=\"http:\/\/robert-zimny.com.pl\/wp-content\/uploads\/2016\/05\/DSC03535.jpg\" title=\"SONY DSC\"><img width=\"350\" height=\"350\" src=\"http:\/\/robert-zimny.com.pl\/wp-content\/uploads\/2016\/05\/DSC03535-350x350.jpg\" class=\"w-gallery-item-img\" alt=\"\" loading=\"lazy\" srcset=\"http:\/\/robert-zimny.com.pl\/wp-content\/uploads\/2016\/05\/DSC03535-350x350.jpg 350w, http:\/\/robert-zimny.com.pl\/wp-content\/uploads\/2016\/05\/DSC03535-150x150.jpg 150w, http:\/\/robert-zimny.com.pl\/wp-content\/uploads\/2016\/05\/DSC03535-600x600.jpg 600w\" sizes=\"(max-width: 350px) 100vw, 350px\" \/><span class=\"w-gallery-item-hover\"><\/span><span class=\"w-gallery-item-title\">SONY DSC<\/span><\/a><a class=\"w-gallery-item order_8\" href=\"http:\/\/robert-zimny.com.pl\/wp-content\/uploads\/2016\/05\/DSC03539-1.jpg\" title=\"SONY DSC\"><img width=\"350\" height=\"350\" src=\"http:\/\/robert-zimny.com.pl\/wp-content\/uploads\/2016\/05\/DSC03539-1-350x350.jpg\" class=\"w-gallery-item-img\" alt=\"\" loading=\"lazy\" srcset=\"http:\/\/robert-zimny.com.pl\/wp-content\/uploads\/2016\/05\/DSC03539-1-350x350.jpg 350w, http:\/\/robert-zimny.com.pl\/wp-content\/uploads\/2016\/05\/DSC03539-1-150x150.jpg 150w, http:\/\/robert-zimny.com.pl\/wp-content\/uploads\/2016\/05\/DSC03539-1-600x600.jpg 600w\" sizes=\"(max-width: 350px) 100vw, 350px\" \/><span class=\"w-gallery-item-hover\"><\/span><span class=\"w-gallery-item-title\">SONY DSC<\/span><\/a><a class=\"w-gallery-item order_9\" href=\"http:\/\/robert-zimny.com.pl\/wp-content\/uploads\/2016\/05\/DSC03733-2.jpg\" title=\"SONY DSC\"><img width=\"350\" height=\"350\" src=\"http:\/\/robert-zimny.com.pl\/wp-content\/uploads\/2016\/05\/DSC03733-2-350x350.jpg\" class=\"w-gallery-item-img\" alt=\"\" loading=\"lazy\" srcset=\"http:\/\/robert-zimny.com.pl\/wp-content\/uploads\/2016\/05\/DSC03733-2-350x350.jpg 350w, http:\/\/robert-zimny.com.pl\/wp-content\/uploads\/2016\/05\/DSC03733-2-150x150.jpg 150w, http:\/\/robert-zimny.com.pl\/wp-content\/uploads\/2016\/05\/DSC03733-2-600x600.jpg 600w\" sizes=\"(max-width: 350px) 100vw, 350px\" \/><span class=\"w-gallery-item-hover\"><\/span><span class=\"w-gallery-item-title\">SONY DSC<\/span><\/a><a class=\"w-gallery-item order_10\" href=\"http:\/\/robert-zimny.com.pl\/wp-content\/uploads\/2016\/05\/DSCF3334.jpg\" title=\"DSCF3334\"><img width=\"350\" height=\"350\" src=\"http:\/\/robert-zimny.com.pl\/wp-content\/uploads\/2016\/05\/DSCF3334-350x350.jpg\" class=\"w-gallery-item-img\" alt=\"\" loading=\"lazy\" srcset=\"http:\/\/robert-zimny.com.pl\/wp-content\/uploads\/2016\/05\/DSCF3334-350x350.jpg 350w, http:\/\/robert-zimny.com.pl\/wp-content\/uploads\/2016\/05\/DSCF3334-150x150.jpg 150w, http:\/\/robert-zimny.com.pl\/wp-content\/uploads\/2016\/05\/DSCF3334-600x600.jpg 600w\" sizes=\"(max-width: 350px) 100vw, 350px\" \/><span class=\"w-gallery-item-hover\"><\/span><span class=\"w-gallery-item-title\">DSCF3334<\/span><\/a><a class=\"w-gallery-item order_11\" href=\"http:\/\/robert-zimny.com.pl\/wp-content\/uploads\/2016\/05\/Lubawka3.jpg\" title=\"Lubawka3\"><img width=\"350\" height=\"350\" src=\"http:\/\/robert-zimny.com.pl\/wp-content\/uploads\/2016\/05\/Lubawka3-350x350.jpg\" class=\"w-gallery-item-img\" alt=\"\" loading=\"lazy\" srcset=\"http:\/\/robert-zimny.com.pl\/wp-content\/uploads\/2016\/05\/Lubawka3-350x350.jpg 350w, http:\/\/robert-zimny.com.pl\/wp-content\/uploads\/2016\/05\/Lubawka3-150x150.jpg 150w, http:\/\/robert-zimny.com.pl\/wp-content\/uploads\/2016\/05\/Lubawka3-600x600.jpg 600w\" sizes=\"(max-width: 350px) 100vw, 350px\" \/><span class=\"w-gallery-item-hover\"><\/span><span class=\"w-gallery-item-title\">Lubawka3<\/span><\/a><a class=\"w-gallery-item order_12\" href=\"http:\/\/robert-zimny.com.pl\/wp-content\/uploads\/2016\/05\/man2.jpg\" title=\"man2\"><img width=\"350\" height=\"350\" src=\"http:\/\/robert-zimny.com.pl\/wp-content\/uploads\/2016\/05\/man2-350x350.jpg\" class=\"w-gallery-item-img\" alt=\"\" loading=\"lazy\" srcset=\"http:\/\/robert-zimny.com.pl\/wp-content\/uploads\/2016\/05\/man2-350x350.jpg 350w, http:\/\/robert-zimny.com.pl\/wp-content\/uploads\/2016\/05\/man2-150x150.jpg 150w, http:\/\/robert-zimny.com.pl\/wp-content\/uploads\/2016\/05\/man2-600x600.jpg 600w\" sizes=\"(max-width: 350px) 100vw, 350px\" \/><span class=\"w-gallery-item-hover\"><\/span><span class=\"w-gallery-item-title\">man2<\/span><\/a><\/div><\/div>\n<\/div><\/div><\/div><\/section>\n","protected":false},"excerpt":{"rendered":"Produkcja i sprzeda\u017c kruszyw drogowych, kolejowych i og\u00f3lnobudowlanych. Nasza oferta to m.in: Kruszywa granitowe w\u0142asnej produkcji: mieszanka 0-31,5 w cenie 16 z\u0142 netto mieszanka 0-63 w cenie 16,50 z\u0142 netto...","protected":false},"author":4,"featured_media":0,"parent":0,"menu_order":0,"comment_status":"closed","ping_status":"closed","template":"","meta":[],"aioseo_notices":[],"_links":{"self":[{"href":"http:\/\/robert-zimny.com.pl\/index.php\/wp-json\/wp\/v2\/pages\/5117"}],"collection":[{"href":"http:\/\/robert-zimny.com.pl\/index.php\/wp-json\/wp\/v2\/pages"}],"about":[{"href":"http:\/\/robert-zimny.com.pl\/index.php\/wp-json\/wp\/v2\/types\/page"}],"author":[{"embeddable":true,"href":"http:\/\/robert-zimny.com.pl\/index.php\/wp-json\/wp\/v2\/users\/4"}],"replies":[{"embeddable":true,"href":"http:\/\/robert-zimny.com.pl\/index.php\/wp-json\/wp\/v2\/comments?post=5117"}],"version-history":[{"count":5,"href":"http:\/\/robert-zimny.com.pl\/index.php\/wp-json\/wp\/v2\/pages\/5117\/revisions"}],"predecessor-version":[{"id":5239,"href":"http:\/\/robert-zimny.com.pl\/index.php\/wp-json\/wp\/v2\/pages\/5117\/revisions\/5239"}],"wp:attachment":[{"href":"http:\/\/robert-zimny.com.pl\/index.php\/wp-json\/wp\/v2\/media?parent=5117"}],"curies":[{"name":"wp","href":"https:\/\/api.w.org\/{rel}","templated":true}]}}