{"id":5037,"date":"2016-04-24T22:06:26","date_gmt":"2016-04-24T20:06:26","guid":{"rendered":"http:\/\/zimny.prosystem24.pl\/?page_id=5037"},"modified":"2016-05-16T12:00:10","modified_gmt":"2016-05-16T10:00:10","slug":"roboty-sieciowe","status":"publish","type":"page","link":"http:\/\/robert-zimny.com.pl\/index.php\/roboty-sieciowe\/","title":{"rendered":"Roboty sieciowe"},"content":{"rendered":"<section class=\"l-section wpb_row height_medium\"><div class=\"l-section-h i-cf\"><div class=\"g-cols offset_small\"><div class=\" full-width\"><div class=\"w-image \"><img width=\"1600\" height=\"617\" src=\"http:\/\/robert-zimny.com.pl\/wp-content\/uploads\/2016\/04\/roboty-sieciowe-zimny-1.jpg\" class=\"attachment-full size-full\" alt=\"\" loading=\"lazy\" srcset=\"http:\/\/robert-zimny.com.pl\/wp-content\/uploads\/2016\/04\/roboty-sieciowe-zimny-1.jpg 1600w, http:\/\/robert-zimny.com.pl\/wp-content\/uploads\/2016\/04\/roboty-sieciowe-zimny-1-300x116.jpg 300w, http:\/\/robert-zimny.com.pl\/wp-content\/uploads\/2016\/04\/roboty-sieciowe-zimny-1-768x296.jpg 768w, http:\/\/robert-zimny.com.pl\/wp-content\/uploads\/2016\/04\/roboty-sieciowe-zimny-1-1024x395.jpg 1024w, http:\/\/robert-zimny.com.pl\/wp-content\/uploads\/2016\/04\/roboty-sieciowe-zimny-1-600x231.jpg 600w\" sizes=\"(max-width: 1600px) 100vw, 1600px\" \/><\/div><\/div><\/div><\/div><\/section><section class=\"l-section wpb_row height_medium\"><div class=\"l-section-h i-cf\"><div class=\"g-cols offset_small\"><div class=\" full-width\"><div class=\"wpb_text_column \"><div class=\"wpb_wrapper\">\n<h5>Specjalizujemy si\u0119 r\u00f3wnie\u017c we wszelkich robotach sieciowych:<\/h5>\n<ul>\n<li>kanalizacje sanitarne<\/li>\n<li>kanalizacje deszczowe<\/li>\n<li>sieci wodoci\u0105gowe<\/li>\n<li>odwodnienia<\/li>\n<\/ul>\n<p>Dysponujemy du\u017cym do\u015bwiadczeniem oraz \u00a0odpowiednim zapleczem technicznym i sprz\u0119tem do realizacji najbardziej zaawansowanych \u00a0prac sieciowych.<\/div> <\/div> <\/div><\/div><\/div><\/section><section class=\"l-section wpb_row height_medium\"><div class=\"l-section-h i-cf\"><div class=\"g-cols offset_small\"><div class=\" full-width\"><div class=\"w-gallery layout_default cols_6 link_media\"><div class=\"w-gallery-list\"><a class=\"w-gallery-item order_1\" href=\"http:\/\/robert-zimny.com.pl\/wp-content\/uploads\/2016\/04\/IMG_0289.jpg\" title=\"IMG_0289\"><img width=\"350\" height=\"350\" src=\"http:\/\/robert-zimny.com.pl\/wp-content\/uploads\/2016\/04\/IMG_0289-350x350.jpg\" class=\"w-gallery-item-img\" alt=\"\" loading=\"lazy\" srcset=\"http:\/\/robert-zimny.com.pl\/wp-content\/uploads\/2016\/04\/IMG_0289-350x350.jpg 350w, http:\/\/robert-zimny.com.pl\/wp-content\/uploads\/2016\/04\/IMG_0289-150x150.jpg 150w, http:\/\/robert-zimny.com.pl\/wp-content\/uploads\/2016\/04\/IMG_0289-600x600.jpg 600w\" sizes=\"(max-width: 350px) 100vw, 350px\" \/><span class=\"w-gallery-item-hover\"><\/span><span class=\"w-gallery-item-title\">IMG_0289<\/span><\/a><a class=\"w-gallery-item order_2\" href=\"http:\/\/robert-zimny.com.pl\/wp-content\/uploads\/2016\/04\/IMG_0292.jpg\" title=\"IMG_0292\"><img width=\"350\" height=\"350\" src=\"http:\/\/robert-zimny.com.pl\/wp-content\/uploads\/2016\/04\/IMG_0292-350x350.jpg\" class=\"w-gallery-item-img\" alt=\"\" loading=\"lazy\" srcset=\"http:\/\/robert-zimny.com.pl\/wp-content\/uploads\/2016\/04\/IMG_0292-350x350.jpg 350w, http:\/\/robert-zimny.com.pl\/wp-content\/uploads\/2016\/04\/IMG_0292-150x150.jpg 150w, http:\/\/robert-zimny.com.pl\/wp-content\/uploads\/2016\/04\/IMG_0292-600x600.jpg 600w\" sizes=\"(max-width: 350px) 100vw, 350px\" \/><span class=\"w-gallery-item-hover\"><\/span><span class=\"w-gallery-item-title\">IMG_0292<\/span><\/a><a class=\"w-gallery-item order_3\" href=\"http:\/\/robert-zimny.com.pl\/wp-content\/uploads\/2016\/04\/IMG_0293.jpg\" title=\"IMG_0293\"><img width=\"350\" height=\"350\" src=\"http:\/\/robert-zimny.com.pl\/wp-content\/uploads\/2016\/04\/IMG_0293-350x350.jpg\" class=\"w-gallery-item-img\" alt=\"\" loading=\"lazy\" srcset=\"http:\/\/robert-zimny.com.pl\/wp-content\/uploads\/2016\/04\/IMG_0293-350x350.jpg 350w, http:\/\/robert-zimny.com.pl\/wp-content\/uploads\/2016\/04\/IMG_0293-150x150.jpg 150w, http:\/\/robert-zimny.com.pl\/wp-content\/uploads\/2016\/04\/IMG_0293-600x600.jpg 600w\" sizes=\"(max-width: 350px) 100vw, 350px\" \/><span class=\"w-gallery-item-hover\"><\/span><span class=\"w-gallery-item-title\">IMG_0293<\/span><\/a><a class=\"w-gallery-item order_4\" href=\"http:\/\/robert-zimny.com.pl\/wp-content\/uploads\/2016\/04\/IMG_0342.jpg\" title=\"IMG_0342\"><img width=\"350\" height=\"350\" src=\"http:\/\/robert-zimny.com.pl\/wp-content\/uploads\/2016\/04\/IMG_0342-350x350.jpg\" class=\"w-gallery-item-img\" alt=\"\" loading=\"lazy\" srcset=\"http:\/\/robert-zimny.com.pl\/wp-content\/uploads\/2016\/04\/IMG_0342-350x350.jpg 350w, http:\/\/robert-zimny.com.pl\/wp-content\/uploads\/2016\/04\/IMG_0342-150x150.jpg 150w, http:\/\/robert-zimny.com.pl\/wp-content\/uploads\/2016\/04\/IMG_0342-600x600.jpg 600w\" sizes=\"(max-width: 350px) 100vw, 350px\" \/><span class=\"w-gallery-item-hover\"><\/span><span class=\"w-gallery-item-title\">IMG_0342<\/span><\/a><a class=\"w-gallery-item order_5\" href=\"http:\/\/robert-zimny.com.pl\/wp-content\/uploads\/2016\/04\/IMG_0344.jpg\" title=\"IMG_0344\"><img width=\"350\" height=\"350\" src=\"http:\/\/robert-zimny.com.pl\/wp-content\/uploads\/2016\/04\/IMG_0344-350x350.jpg\" class=\"w-gallery-item-img\" alt=\"\" loading=\"lazy\" srcset=\"http:\/\/robert-zimny.com.pl\/wp-content\/uploads\/2016\/04\/IMG_0344-350x350.jpg 350w, http:\/\/robert-zimny.com.pl\/wp-content\/uploads\/2016\/04\/IMG_0344-150x150.jpg 150w, http:\/\/robert-zimny.com.pl\/wp-content\/uploads\/2016\/04\/IMG_0344-600x600.jpg 600w\" sizes=\"(max-width: 350px) 100vw, 350px\" \/><span class=\"w-gallery-item-hover\"><\/span><span class=\"w-gallery-item-title\">IMG_0344<\/span><\/a><a class=\"w-gallery-item order_6\" href=\"http:\/\/robert-zimny.com.pl\/wp-content\/uploads\/2016\/04\/IMG_0347.jpg\" title=\"IMG_0347\"><img width=\"350\" height=\"350\" src=\"http:\/\/robert-zimny.com.pl\/wp-content\/uploads\/2016\/04\/IMG_0347-350x350.jpg\" class=\"w-gallery-item-img\" alt=\"\" loading=\"lazy\" srcset=\"http:\/\/robert-zimny.com.pl\/wp-content\/uploads\/2016\/04\/IMG_0347-350x350.jpg 350w, http:\/\/robert-zimny.com.pl\/wp-content\/uploads\/2016\/04\/IMG_0347-150x150.jpg 150w, http:\/\/robert-zimny.com.pl\/wp-content\/uploads\/2016\/04\/IMG_0347-600x600.jpg 600w\" sizes=\"(max-width: 350px) 100vw, 350px\" \/><span class=\"w-gallery-item-hover\"><\/span><span class=\"w-gallery-item-title\">IMG_0347<\/span><\/a><\/div><\/div>\n<\/div><\/div><\/div><\/section>\n","protected":false},"excerpt":{"rendered":"Specjalizujemy si\u0119 r\u00f3wnie\u017c we wszelkich robotach sieciowych: kanalizacje sanitarne kanalizacje deszczowe sieci wodoci\u0105gowe odwodnienia Dysponujemy du\u017cym do\u015bwiadczeniem oraz \u00a0odpowiednim zapleczem technicznym i sprz\u0119tem do realizacji najbardziej zaawansowanych \u00a0prac sieciowych. IMG_0289IMG_0292IMG_0293IMG_0342IMG_0344IMG_0347","protected":false},"author":4,"featured_media":0,"parent":0,"menu_order":0,"comment_status":"closed","ping_status":"closed","template":"","meta":[],"aioseo_notices":[],"_links":{"self":[{"href":"http:\/\/robert-zimny.com.pl\/index.php\/wp-json\/wp\/v2\/pages\/5037"}],"collection":[{"href":"http:\/\/robert-zimny.com.pl\/index.php\/wp-json\/wp\/v2\/pages"}],"about":[{"href":"http:\/\/robert-zimny.com.pl\/index.php\/wp-json\/wp\/v2\/types\/page"}],"author":[{"embeddable":true,"href":"http:\/\/robert-zimny.com.pl\/index.php\/wp-json\/wp\/v2\/users\/4"}],"replies":[{"embeddable":true,"href":"http:\/\/robert-zimny.com.pl\/index.php\/wp-json\/wp\/v2\/comments?post=5037"}],"version-history":[{"count":3,"href":"http:\/\/robert-zimny.com.pl\/index.php\/wp-json\/wp\/v2\/pages\/5037\/revisions"}],"predecessor-version":[{"id":5115,"href":"http:\/\/robert-zimny.com.pl\/index.php\/wp-json\/wp\/v2\/pages\/5037\/revisions\/5115"}],"wp:attachment":[{"href":"http:\/\/robert-zimny.com.pl\/index.php\/wp-json\/wp\/v2\/media?parent=5037"}],"curies":[{"name":"wp","href":"https:\/\/api.w.org\/{rel}","templated":true}]}}