{"id":5013,"date":"2016-04-18T22:20:28","date_gmt":"2016-04-18T20:20:28","guid":{"rendered":"http:\/\/zimny.prosystem24.pl\/?page_id=5013"},"modified":"2016-04-18T22:26:58","modified_gmt":"2016-04-18T20:26:58","slug":"roboty-ziemne","status":"publish","type":"page","link":"http:\/\/robert-zimny.com.pl\/index.php\/roboty-ziemne\/","title":{"rendered":"Roboty ziemne"},"content":{"rendered":"<section class=\"l-section wpb_row height_medium\"><div class=\"l-section-h i-cf\"><div class=\"g-cols offset_small\"><div class=\" full-width\"><div class=\"w-image  animate_afc\"><img width=\"2200\" height=\"854\" src=\"http:\/\/robert-zimny.com.pl\/wp-content\/uploads\/2016\/04\/prace-ziemne.jpg\" class=\"attachment-full size-full\" alt=\"\" loading=\"lazy\" srcset=\"http:\/\/robert-zimny.com.pl\/wp-content\/uploads\/2016\/04\/prace-ziemne.jpg 2200w, http:\/\/robert-zimny.com.pl\/wp-content\/uploads\/2016\/04\/prace-ziemne-300x116.jpg 300w, http:\/\/robert-zimny.com.pl\/wp-content\/uploads\/2016\/04\/prace-ziemne-768x298.jpg 768w, http:\/\/robert-zimny.com.pl\/wp-content\/uploads\/2016\/04\/prace-ziemne-1024x397.jpg 1024w, http:\/\/robert-zimny.com.pl\/wp-content\/uploads\/2016\/04\/prace-ziemne-600x233.jpg 600w\" sizes=\"(max-width: 2200px) 100vw, 2200px\" \/><\/div><div class=\"wpb_text_column \"><div class=\"wpb_wrapper\">\n<h4>Nasze Przedsi\u0119biorstwo \u015bwiadczy r\u00f3wnie\u017c us\u0142ugi w typowych pracach ziemnych.<\/h4>\n<p>Dysponujemy bardzo bogatym parkiem maszyn w tym zakresie prac &#8211; niezale\u017cnie od specyfikacji zadania.<\/p>\n<p>Wykonujemy m.in.:<\/p>\n<ul>\n<li>kompletne zagospodarowanie terenu<\/li>\n<li>makroniwelacje<\/li>\n<li>niwelacje terenu<\/li>\n<li>utwardzanie terenu<\/li>\n<li>zbrojenie terenu<\/li>\n<li>prace przygotowawcze pod fundamenty w tym wielkopowierzchniowe &#8211; np. hale, magazyny<\/li>\n<\/ul>\n<p>Poni\u017cej kilka zdj\u0119\u0107\u00a0 z naszych przyk\u0142adowych realizacji:<\/div> <\/div> <div class=\"w-gallery layout_default cols_5 link_media\"><div class=\"w-gallery-list\"><a class=\"w-gallery-item order_1\" href=\"http:\/\/robert-zimny.com.pl\/wp-content\/uploads\/2016\/04\/DSC05121.jpg\" title=\"SONY DSC\"><img width=\"350\" height=\"350\" src=\"http:\/\/robert-zimny.com.pl\/wp-content\/uploads\/2016\/04\/DSC05121-350x350.jpg\" class=\"w-gallery-item-img\" alt=\"\" loading=\"lazy\" srcset=\"http:\/\/robert-zimny.com.pl\/wp-content\/uploads\/2016\/04\/DSC05121-350x350.jpg 350w, http:\/\/robert-zimny.com.pl\/wp-content\/uploads\/2016\/04\/DSC05121-150x150.jpg 150w, http:\/\/robert-zimny.com.pl\/wp-content\/uploads\/2016\/04\/DSC05121-600x600.jpg 600w\" sizes=\"(max-width: 350px) 100vw, 350px\" \/><span class=\"w-gallery-item-hover\"><\/span><span class=\"w-gallery-item-title\">SONY DSC<\/span><\/a><a class=\"w-gallery-item order_2\" href=\"http:\/\/robert-zimny.com.pl\/wp-content\/uploads\/2016\/04\/DSC05217.jpg\" title=\"SONY DSC\"><img width=\"350\" height=\"350\" src=\"http:\/\/robert-zimny.com.pl\/wp-content\/uploads\/2016\/04\/DSC05217-350x350.jpg\" class=\"w-gallery-item-img\" alt=\"\" loading=\"lazy\" srcset=\"http:\/\/robert-zimny.com.pl\/wp-content\/uploads\/2016\/04\/DSC05217-350x350.jpg 350w, http:\/\/robert-zimny.com.pl\/wp-content\/uploads\/2016\/04\/DSC05217-150x150.jpg 150w, http:\/\/robert-zimny.com.pl\/wp-content\/uploads\/2016\/04\/DSC05217-600x600.jpg 600w\" sizes=\"(max-width: 350px) 100vw, 350px\" \/><span class=\"w-gallery-item-hover\"><\/span><span class=\"w-gallery-item-title\">SONY DSC<\/span><\/a><a class=\"w-gallery-item order_3\" href=\"http:\/\/robert-zimny.com.pl\/wp-content\/uploads\/2016\/04\/Radomska-1.jpg\" title=\"Radomska 1\"><img width=\"350\" height=\"350\" src=\"http:\/\/robert-zimny.com.pl\/wp-content\/uploads\/2016\/04\/Radomska-1-350x350.jpg\" class=\"w-gallery-item-img\" alt=\"\" loading=\"lazy\" srcset=\"http:\/\/robert-zimny.com.pl\/wp-content\/uploads\/2016\/04\/Radomska-1-350x350.jpg 350w, http:\/\/robert-zimny.com.pl\/wp-content\/uploads\/2016\/04\/Radomska-1-150x150.jpg 150w, http:\/\/robert-zimny.com.pl\/wp-content\/uploads\/2016\/04\/Radomska-1-600x600.jpg 600w\" sizes=\"(max-width: 350px) 100vw, 350px\" \/><span class=\"w-gallery-item-hover\"><\/span><span class=\"w-gallery-item-title\">Radomska 1<\/span><\/a><a class=\"w-gallery-item order_4\" href=\"http:\/\/robert-zimny.com.pl\/wp-content\/uploads\/2016\/04\/cersanit.jpg\" title=\"cersanit\"><img width=\"350\" height=\"350\" src=\"http:\/\/robert-zimny.com.pl\/wp-content\/uploads\/2016\/04\/cersanit-350x350.jpg\" class=\"w-gallery-item-img\" alt=\"\" loading=\"lazy\" srcset=\"http:\/\/robert-zimny.com.pl\/wp-content\/uploads\/2016\/04\/cersanit-350x350.jpg 350w, http:\/\/robert-zimny.com.pl\/wp-content\/uploads\/2016\/04\/cersanit-150x150.jpg 150w, http:\/\/robert-zimny.com.pl\/wp-content\/uploads\/2016\/04\/cersanit-600x600.jpg 600w\" sizes=\"(max-width: 350px) 100vw, 350px\" \/><span class=\"w-gallery-item-hover\"><\/span><span class=\"w-gallery-item-title\">cersanit<\/span><\/a><a class=\"w-gallery-item order_5\" href=\"http:\/\/robert-zimny.com.pl\/wp-content\/uploads\/2016\/04\/DSC00248.jpg\" title=\"DSC00248\"><img width=\"350\" height=\"350\" src=\"http:\/\/robert-zimny.com.pl\/wp-content\/uploads\/2016\/04\/DSC00248-350x350.jpg\" class=\"w-gallery-item-img\" alt=\"\" loading=\"lazy\" srcset=\"http:\/\/robert-zimny.com.pl\/wp-content\/uploads\/2016\/04\/DSC00248-350x350.jpg 350w, http:\/\/robert-zimny.com.pl\/wp-content\/uploads\/2016\/04\/DSC00248-150x150.jpg 150w, http:\/\/robert-zimny.com.pl\/wp-content\/uploads\/2016\/04\/DSC00248-600x600.jpg 600w\" sizes=\"(max-width: 350px) 100vw, 350px\" \/><span class=\"w-gallery-item-hover\"><\/span><span class=\"w-gallery-item-title\">DSC00248<\/span><\/a><a class=\"w-gallery-item order_6\" href=\"http:\/\/robert-zimny.com.pl\/wp-content\/uploads\/2016\/04\/DSC03357.jpg\" title=\"SONY DSC\"><img width=\"350\" height=\"350\" src=\"http:\/\/robert-zimny.com.pl\/wp-content\/uploads\/2016\/04\/DSC03357-350x350.jpg\" class=\"w-gallery-item-img\" alt=\"\" loading=\"lazy\" srcset=\"http:\/\/robert-zimny.com.pl\/wp-content\/uploads\/2016\/04\/DSC03357-350x350.jpg 350w, http:\/\/robert-zimny.com.pl\/wp-content\/uploads\/2016\/04\/DSC03357-150x150.jpg 150w, http:\/\/robert-zimny.com.pl\/wp-content\/uploads\/2016\/04\/DSC03357-600x600.jpg 600w\" sizes=\"(max-width: 350px) 100vw, 350px\" \/><span class=\"w-gallery-item-hover\"><\/span><span class=\"w-gallery-item-title\">SONY DSC<\/span><\/a><a class=\"w-gallery-item order_7\" href=\"http:\/\/robert-zimny.com.pl\/wp-content\/uploads\/2016\/04\/DSC03685.jpg\" title=\"SONY DSC\"><img width=\"350\" height=\"350\" src=\"http:\/\/robert-zimny.com.pl\/wp-content\/uploads\/2016\/04\/DSC03685-350x350.jpg\" class=\"w-gallery-item-img\" alt=\"\" loading=\"lazy\" srcset=\"http:\/\/robert-zimny.com.pl\/wp-content\/uploads\/2016\/04\/DSC03685-350x350.jpg 350w, http:\/\/robert-zimny.com.pl\/wp-content\/uploads\/2016\/04\/DSC03685-150x150.jpg 150w, http:\/\/robert-zimny.com.pl\/wp-content\/uploads\/2016\/04\/DSC03685-600x600.jpg 600w\" sizes=\"(max-width: 350px) 100vw, 350px\" \/><span class=\"w-gallery-item-hover\"><\/span><span class=\"w-gallery-item-title\">SONY DSC<\/span><\/a><a class=\"w-gallery-item order_8\" href=\"http:\/\/robert-zimny.com.pl\/wp-content\/uploads\/2016\/04\/31072010211.jpg\" title=\"31072010211\"><img width=\"350\" height=\"350\" src=\"http:\/\/robert-zimny.com.pl\/wp-content\/uploads\/2016\/04\/31072010211-350x350.jpg\" class=\"w-gallery-item-img\" alt=\"\" loading=\"lazy\" srcset=\"http:\/\/robert-zimny.com.pl\/wp-content\/uploads\/2016\/04\/31072010211-350x350.jpg 350w, http:\/\/robert-zimny.com.pl\/wp-content\/uploads\/2016\/04\/31072010211-150x150.jpg 150w, http:\/\/robert-zimny.com.pl\/wp-content\/uploads\/2016\/04\/31072010211-600x600.jpg 600w\" sizes=\"(max-width: 350px) 100vw, 350px\" \/><span class=\"w-gallery-item-hover\"><\/span><span class=\"w-gallery-item-title\">31072010211<\/span><\/a><a class=\"w-gallery-item order_9\" href=\"http:\/\/robert-zimny.com.pl\/wp-content\/uploads\/2016\/04\/Lubawka2.jpg\" title=\"Lubawka2\"><img width=\"350\" height=\"350\" src=\"http:\/\/robert-zimny.com.pl\/wp-content\/uploads\/2016\/04\/Lubawka2-350x350.jpg\" class=\"w-gallery-item-img\" alt=\"\" loading=\"lazy\" srcset=\"http:\/\/robert-zimny.com.pl\/wp-content\/uploads\/2016\/04\/Lubawka2-350x350.jpg 350w, http:\/\/robert-zimny.com.pl\/wp-content\/uploads\/2016\/04\/Lubawka2-150x150.jpg 150w, http:\/\/robert-zimny.com.pl\/wp-content\/uploads\/2016\/04\/Lubawka2-600x600.jpg 600w\" sizes=\"(max-width: 350px) 100vw, 350px\" \/><span class=\"w-gallery-item-hover\"><\/span><span class=\"w-gallery-item-title\">Lubawka2<\/span><\/a><a class=\"w-gallery-item order_10\" href=\"http:\/\/robert-zimny.com.pl\/wp-content\/uploads\/2016\/04\/29072010204.jpg\" title=\"29072010204\"><img width=\"350\" height=\"350\" src=\"http:\/\/robert-zimny.com.pl\/wp-content\/uploads\/2016\/04\/29072010204-350x350.jpg\" class=\"w-gallery-item-img\" alt=\"\" loading=\"lazy\" srcset=\"http:\/\/robert-zimny.com.pl\/wp-content\/uploads\/2016\/04\/29072010204-350x350.jpg 350w, http:\/\/robert-zimny.com.pl\/wp-content\/uploads\/2016\/04\/29072010204-150x150.jpg 150w, http:\/\/robert-zimny.com.pl\/wp-content\/uploads\/2016\/04\/29072010204-600x600.jpg 600w\" sizes=\"(max-width: 350px) 100vw, 350px\" \/><span class=\"w-gallery-item-hover\"><\/span><span class=\"w-gallery-item-title\">29072010204<\/span><\/a><\/div><\/div>\n<\/div><\/div><\/div><\/section>\n","protected":false},"excerpt":{"rendered":"Nasze Przedsi\u0119biorstwo \u015bwiadczy r\u00f3wnie\u017c us\u0142ugi w typowych pracach ziemnych. Dysponujemy bardzo bogatym parkiem maszyn w tym zakresie prac - niezale\u017cnie od specyfikacji zadania. Wykonujemy m.in.: kompletne zagospodarowanie terenu makroniwelacje niwelacje...","protected":false},"author":4,"featured_media":0,"parent":0,"menu_order":0,"comment_status":"closed","ping_status":"closed","template":"","meta":[],"aioseo_notices":[],"_links":{"self":[{"href":"http:\/\/robert-zimny.com.pl\/index.php\/wp-json\/wp\/v2\/pages\/5013"}],"collection":[{"href":"http:\/\/robert-zimny.com.pl\/index.php\/wp-json\/wp\/v2\/pages"}],"about":[{"href":"http:\/\/robert-zimny.com.pl\/index.php\/wp-json\/wp\/v2\/types\/page"}],"author":[{"embeddable":true,"href":"http:\/\/robert-zimny.com.pl\/index.php\/wp-json\/wp\/v2\/users\/4"}],"replies":[{"embeddable":true,"href":"http:\/\/robert-zimny.com.pl\/index.php\/wp-json\/wp\/v2\/comments?post=5013"}],"version-history":[{"count":3,"href":"http:\/\/robert-zimny.com.pl\/index.php\/wp-json\/wp\/v2\/pages\/5013\/revisions"}],"predecessor-version":[{"id":5029,"href":"http:\/\/robert-zimny.com.pl\/index.php\/wp-json\/wp\/v2\/pages\/5013\/revisions\/5029"}],"wp:attachment":[{"href":"http:\/\/robert-zimny.com.pl\/index.php\/wp-json\/wp\/v2\/media?parent=5013"}],"curies":[{"name":"wp","href":"https:\/\/api.w.org\/{rel}","templated":true}]}}