{"id":4992,"date":"2016-04-17T21:36:12","date_gmt":"2016-04-17T19:36:12","guid":{"rendered":"http:\/\/zimny.prosystem24.pl\/?page_id=4992"},"modified":"2016-04-18T22:35:30","modified_gmt":"2016-04-18T20:35:30","slug":"wyburzenia-i-rozbiorki","status":"publish","type":"page","link":"http:\/\/robert-zimny.com.pl\/index.php\/wyburzenia-i-rozbiorki\/","title":{"rendered":"Wyburzenia i rozbi\u00f3rki"},"content":{"rendered":"<section class=\"l-section wpb_row height_medium\"><div class=\"l-section-h i-cf\"><div class=\"g-cols offset_small\"><div class=\" full-width\"><div class=\"w-image  animate_afc\"><img width=\"2200\" height=\"856\" src=\"http:\/\/robert-zimny.com.pl\/wp-content\/uploads\/2016\/04\/wyburzenia-rozbiorki-1.jpg\" class=\"attachment-full size-full\" alt=\"\" loading=\"lazy\" srcset=\"http:\/\/robert-zimny.com.pl\/wp-content\/uploads\/2016\/04\/wyburzenia-rozbiorki-1.jpg 2200w, http:\/\/robert-zimny.com.pl\/wp-content\/uploads\/2016\/04\/wyburzenia-rozbiorki-1-300x117.jpg 300w, http:\/\/robert-zimny.com.pl\/wp-content\/uploads\/2016\/04\/wyburzenia-rozbiorki-1-768x299.jpg 768w, http:\/\/robert-zimny.com.pl\/wp-content\/uploads\/2016\/04\/wyburzenia-rozbiorki-1-1024x398.jpg 1024w, http:\/\/robert-zimny.com.pl\/wp-content\/uploads\/2016\/04\/wyburzenia-rozbiorki-1-600x233.jpg 600w\" sizes=\"(max-width: 2200px) 100vw, 2200px\" \/><\/div><div class=\"wpb_text_column \"><div class=\"wpb_wrapper\">\n<h4>Nasza firma specjalizuje si\u0119 r\u00f3wnie\u017c w pracach wyburzeniowych i rozbi\u00f3rkach.<\/h4>\n<p>Posiadamy du\u017ce zaplecze techniczne i do\u015bwiadczenie w tym zakresie. Realizowali\u015bmy rozbi\u00f3rki dom\u00f3w mieszkalnych, du\u017cych budynk\u00f3w i hal przemys\u0142owych.<\/p>\n<p>Nasza specjalizacja to:<\/p>\n<ul>\n<li>wyburzenia kontsrukcji \u017celbetowych i stalowych<\/li>\n<li>budynki murowane<\/li>\n<li>kucie, ci\u0119cie i kruszenie betonu, \u017celbetu<\/li>\n<\/ul>\n<p>Poni\u017cej prezentujemy zdj\u0119cia z kilku zrealizowanych przez nasz\u0105 firm\u0119 rozbi\u00f3rek:<\/div> <\/div> <div class=\"w-gallery layout_default cols_5 link_media\"><div class=\"w-gallery-list\"><a class=\"w-gallery-item order_1\" href=\"http:\/\/robert-zimny.com.pl\/wp-content\/uploads\/2016\/04\/DSC02029.jpg\" title=\"DSC02029\"><img width=\"350\" height=\"350\" src=\"http:\/\/robert-zimny.com.pl\/wp-content\/uploads\/2016\/04\/DSC02029-350x350.jpg\" class=\"w-gallery-item-img\" alt=\"\" loading=\"lazy\" srcset=\"http:\/\/robert-zimny.com.pl\/wp-content\/uploads\/2016\/04\/DSC02029-350x350.jpg 350w, http:\/\/robert-zimny.com.pl\/wp-content\/uploads\/2016\/04\/DSC02029-150x150.jpg 150w, http:\/\/robert-zimny.com.pl\/wp-content\/uploads\/2016\/04\/DSC02029-600x600.jpg 600w\" sizes=\"(max-width: 350px) 100vw, 350px\" \/><span class=\"w-gallery-item-hover\"><\/span><span class=\"w-gallery-item-title\">DSC02029<\/span><\/a><a class=\"w-gallery-item order_2\" href=\"http:\/\/robert-zimny.com.pl\/wp-content\/uploads\/2016\/04\/DSC03208.jpg\" title=\"SONY DSC\"><img width=\"350\" height=\"350\" src=\"http:\/\/robert-zimny.com.pl\/wp-content\/uploads\/2016\/04\/DSC03208-350x350.jpg\" class=\"w-gallery-item-img\" alt=\"\" loading=\"lazy\" srcset=\"http:\/\/robert-zimny.com.pl\/wp-content\/uploads\/2016\/04\/DSC03208-350x350.jpg 350w, http:\/\/robert-zimny.com.pl\/wp-content\/uploads\/2016\/04\/DSC03208-150x150.jpg 150w, http:\/\/robert-zimny.com.pl\/wp-content\/uploads\/2016\/04\/DSC03208-600x600.jpg 600w\" sizes=\"(max-width: 350px) 100vw, 350px\" \/><span class=\"w-gallery-item-hover\"><\/span><span class=\"w-gallery-item-title\">SONY DSC<\/span><\/a><a class=\"w-gallery-item order_3\" href=\"http:\/\/robert-zimny.com.pl\/wp-content\/uploads\/2016\/04\/DSC03209.jpg\" title=\"SONY DSC\"><img width=\"350\" height=\"350\" src=\"http:\/\/robert-zimny.com.pl\/wp-content\/uploads\/2016\/04\/DSC03209-350x350.jpg\" class=\"w-gallery-item-img\" alt=\"\" loading=\"lazy\" srcset=\"http:\/\/robert-zimny.com.pl\/wp-content\/uploads\/2016\/04\/DSC03209-350x350.jpg 350w, http:\/\/robert-zimny.com.pl\/wp-content\/uploads\/2016\/04\/DSC03209-150x150.jpg 150w, http:\/\/robert-zimny.com.pl\/wp-content\/uploads\/2016\/04\/DSC03209-600x600.jpg 600w\" sizes=\"(max-width: 350px) 100vw, 350px\" \/><span class=\"w-gallery-item-hover\"><\/span><span class=\"w-gallery-item-title\">SONY DSC<\/span><\/a><a class=\"w-gallery-item order_4\" href=\"http:\/\/robert-zimny.com.pl\/wp-content\/uploads\/2016\/04\/DSC03944.jpg\" title=\"SONY DSC\"><img width=\"350\" height=\"350\" src=\"http:\/\/robert-zimny.com.pl\/wp-content\/uploads\/2016\/04\/DSC03944-350x350.jpg\" class=\"w-gallery-item-img\" alt=\"\" loading=\"lazy\" srcset=\"http:\/\/robert-zimny.com.pl\/wp-content\/uploads\/2016\/04\/DSC03944-350x350.jpg 350w, http:\/\/robert-zimny.com.pl\/wp-content\/uploads\/2016\/04\/DSC03944-150x150.jpg 150w, http:\/\/robert-zimny.com.pl\/wp-content\/uploads\/2016\/04\/DSC03944-600x600.jpg 600w\" sizes=\"(max-width: 350px) 100vw, 350px\" \/><span class=\"w-gallery-item-hover\"><\/span><span class=\"w-gallery-item-title\">SONY DSC<\/span><\/a><a class=\"w-gallery-item order_5\" href=\"http:\/\/robert-zimny.com.pl\/wp-content\/uploads\/2016\/04\/DSC04173.jpg\" title=\"SONY DSC\"><img width=\"350\" height=\"350\" src=\"http:\/\/robert-zimny.com.pl\/wp-content\/uploads\/2016\/04\/DSC04173-350x350.jpg\" class=\"w-gallery-item-img\" alt=\"\" loading=\"lazy\" srcset=\"http:\/\/robert-zimny.com.pl\/wp-content\/uploads\/2016\/04\/DSC04173-350x350.jpg 350w, http:\/\/robert-zimny.com.pl\/wp-content\/uploads\/2016\/04\/DSC04173-150x150.jpg 150w, http:\/\/robert-zimny.com.pl\/wp-content\/uploads\/2016\/04\/DSC04173-600x600.jpg 600w\" sizes=\"(max-width: 350px) 100vw, 350px\" \/><span class=\"w-gallery-item-hover\"><\/span><span class=\"w-gallery-item-title\">SONY DSC<\/span><\/a><a class=\"w-gallery-item order_6\" href=\"http:\/\/robert-zimny.com.pl\/wp-content\/uploads\/2016\/04\/DSC05115.jpg\" title=\"SONY DSC\"><img width=\"350\" height=\"350\" src=\"http:\/\/robert-zimny.com.pl\/wp-content\/uploads\/2016\/04\/DSC05115-350x350.jpg\" class=\"w-gallery-item-img\" alt=\"\" loading=\"lazy\" srcset=\"http:\/\/robert-zimny.com.pl\/wp-content\/uploads\/2016\/04\/DSC05115-350x350.jpg 350w, http:\/\/robert-zimny.com.pl\/wp-content\/uploads\/2016\/04\/DSC05115-150x150.jpg 150w, http:\/\/robert-zimny.com.pl\/wp-content\/uploads\/2016\/04\/DSC05115-600x600.jpg 600w\" sizes=\"(max-width: 350px) 100vw, 350px\" \/><span class=\"w-gallery-item-hover\"><\/span><span class=\"w-gallery-item-title\">SONY DSC<\/span><\/a><a class=\"w-gallery-item order_7\" href=\"http:\/\/robert-zimny.com.pl\/wp-content\/uploads\/2016\/04\/DSCF3422.jpg\" title=\"DSCF3422\"><img width=\"350\" height=\"350\" src=\"http:\/\/robert-zimny.com.pl\/wp-content\/uploads\/2016\/04\/DSCF3422-350x350.jpg\" class=\"w-gallery-item-img\" alt=\"\" loading=\"lazy\" srcset=\"http:\/\/robert-zimny.com.pl\/wp-content\/uploads\/2016\/04\/DSCF3422-350x350.jpg 350w, http:\/\/robert-zimny.com.pl\/wp-content\/uploads\/2016\/04\/DSCF3422-150x150.jpg 150w, http:\/\/robert-zimny.com.pl\/wp-content\/uploads\/2016\/04\/DSCF3422-600x600.jpg 600w\" sizes=\"(max-width: 350px) 100vw, 350px\" \/><span class=\"w-gallery-item-hover\"><\/span><span class=\"w-gallery-item-title\">DSCF3422<\/span><\/a><a class=\"w-gallery-item order_8\" href=\"http:\/\/robert-zimny.com.pl\/wp-content\/uploads\/2016\/04\/DSCF3442.jpg\" title=\"DSCF3442\"><img width=\"350\" height=\"350\" src=\"http:\/\/robert-zimny.com.pl\/wp-content\/uploads\/2016\/04\/DSCF3442-350x350.jpg\" class=\"w-gallery-item-img\" alt=\"\" loading=\"lazy\" srcset=\"http:\/\/robert-zimny.com.pl\/wp-content\/uploads\/2016\/04\/DSCF3442-350x350.jpg 350w, http:\/\/robert-zimny.com.pl\/wp-content\/uploads\/2016\/04\/DSCF3442-150x150.jpg 150w, http:\/\/robert-zimny.com.pl\/wp-content\/uploads\/2016\/04\/DSCF3442-600x600.jpg 600w\" sizes=\"(max-width: 350px) 100vw, 350px\" \/><span class=\"w-gallery-item-hover\"><\/span><span class=\"w-gallery-item-title\">DSCF3442<\/span><\/a><a class=\"w-gallery-item order_9\" href=\"http:\/\/robert-zimny.com.pl\/wp-content\/uploads\/2016\/04\/DSCF3541.jpg\" title=\"DSCF3541\"><img width=\"350\" height=\"350\" src=\"http:\/\/robert-zimny.com.pl\/wp-content\/uploads\/2016\/04\/DSCF3541-350x350.jpg\" class=\"w-gallery-item-img\" alt=\"\" loading=\"lazy\" srcset=\"http:\/\/robert-zimny.com.pl\/wp-content\/uploads\/2016\/04\/DSCF3541-350x350.jpg 350w, http:\/\/robert-zimny.com.pl\/wp-content\/uploads\/2016\/04\/DSCF3541-150x150.jpg 150w, http:\/\/robert-zimny.com.pl\/wp-content\/uploads\/2016\/04\/DSCF3541-600x600.jpg 600w\" sizes=\"(max-width: 350px) 100vw, 350px\" \/><span class=\"w-gallery-item-hover\"><\/span><span class=\"w-gallery-item-title\">DSCF3541<\/span><\/a><a class=\"w-gallery-item order_10\" href=\"http:\/\/robert-zimny.com.pl\/wp-content\/uploads\/2016\/04\/IMG_6704.jpg\" title=\"IMG_6704\"><img width=\"350\" height=\"350\" src=\"http:\/\/robert-zimny.com.pl\/wp-content\/uploads\/2016\/04\/IMG_6704-350x350.jpg\" class=\"w-gallery-item-img\" alt=\"\" loading=\"lazy\" srcset=\"http:\/\/robert-zimny.com.pl\/wp-content\/uploads\/2016\/04\/IMG_6704-350x350.jpg 350w, http:\/\/robert-zimny.com.pl\/wp-content\/uploads\/2016\/04\/IMG_6704-150x150.jpg 150w, http:\/\/robert-zimny.com.pl\/wp-content\/uploads\/2016\/04\/IMG_6704-600x600.jpg 600w\" sizes=\"(max-width: 350px) 100vw, 350px\" \/><span class=\"w-gallery-item-hover\"><\/span><span class=\"w-gallery-item-title\">IMG_6704<\/span><\/a><\/div><\/div>\n<\/div><\/div><\/div><\/section>\n","protected":false},"excerpt":{"rendered":"Nasza firma specjalizuje si\u0119 r\u00f3wnie\u017c w pracach wyburzeniowych i rozbi\u00f3rkach. Posiadamy du\u017ce zaplecze techniczne i do\u015bwiadczenie w tym zakresie. Realizowali\u015bmy rozbi\u00f3rki dom\u00f3w mieszkalnych, du\u017cych budynk\u00f3w i hal przemys\u0142owych. Nasza specjalizacja...","protected":false},"author":4,"featured_media":0,"parent":0,"menu_order":0,"comment_status":"closed","ping_status":"closed","template":"","meta":[],"aioseo_notices":[],"_links":{"self":[{"href":"http:\/\/robert-zimny.com.pl\/index.php\/wp-json\/wp\/v2\/pages\/4992"}],"collection":[{"href":"http:\/\/robert-zimny.com.pl\/index.php\/wp-json\/wp\/v2\/pages"}],"about":[{"href":"http:\/\/robert-zimny.com.pl\/index.php\/wp-json\/wp\/v2\/types\/page"}],"author":[{"embeddable":true,"href":"http:\/\/robert-zimny.com.pl\/index.php\/wp-json\/wp\/v2\/users\/4"}],"replies":[{"embeddable":true,"href":"http:\/\/robert-zimny.com.pl\/index.php\/wp-json\/wp\/v2\/comments?post=4992"}],"version-history":[{"count":5,"href":"http:\/\/robert-zimny.com.pl\/index.php\/wp-json\/wp\/v2\/pages\/4992\/revisions"}],"predecessor-version":[{"id":5032,"href":"http:\/\/robert-zimny.com.pl\/index.php\/wp-json\/wp\/v2\/pages\/4992\/revisions\/5032"}],"wp:attachment":[{"href":"http:\/\/robert-zimny.com.pl\/index.php\/wp-json\/wp\/v2\/media?parent=4992"}],"curies":[{"name":"wp","href":"https:\/\/api.w.org\/{rel}","templated":true}]}}