{"id":4912,"date":"2016-04-17T18:57:17","date_gmt":"2016-04-17T16:57:17","guid":{"rendered":"http:\/\/zimny.prosystem24.pl\/?page_id=4912"},"modified":"2016-04-17T20:12:06","modified_gmt":"2016-04-17T18:12:06","slug":"oferta","status":"publish","type":"page","link":"http:\/\/robert-zimny.com.pl\/index.php\/oferta\/","title":{"rendered":"Oferta"},"content":{"rendered":"<section class=\"l-section wpb_row height_medium\"><div class=\"l-section-h i-cf\"><div class=\"g-cols offset_small\"><div class=\" full-width\"><div class=\"wpb_text_column \"><div class=\"wpb_wrapper\"><p>Przedsi\u0119biorstwo Us\u0142ugowo-Budowlane Robert Zimny w oparciu o d\u0142ugoletni\u0105 praktyk\u0119, pragnie zaoferowa\u0107 swoje us\u0142ugi w zakresie realizacji rob\u00f3t in\u017cynieryjnych.<\/p>\n<h5>Specjalizujemy si\u0119 w przygotowaniu terenu pod zabudow\u0119. Wykonujemy:<\/h5>\n<ul>\n<li>roboty makroniwelacyjne wraz z opracowaniem projektu,<\/li>\n<li>stabilizacj\u0119 mechaniczn\u0105, chemiczn\u0105 grunt\u00f3w,<\/li>\n<li>podbudowy pod drogi i posadzki,<\/li>\n<li>roboty in\u017cynieryjne w zakresie odwodnienia terenu,<\/li>\n<li>wykopy fundamentowe,<\/li>\n<li>budowy dr\u00f3g,<\/li>\n<li>ogrodzenia tymczasowe i sta\u0142e,<\/li>\n<li>pale kamienne pod fundamenty,<\/li>\n<li>roboty rozbi\u00f3rkowe wraz z wywozem i utylizacj\u0105 odpad\u00f3w,<\/li>\n<li>wycink\u0119 drzew i krzak\u00f3w \u0142\u0105cznie z karczowaniem i utylizacj\u0105 drewna,<\/li>\n<li>konserwacj\u0119 zabytkowych maszyn i urz\u0105dze\u0144.<\/li>\n<\/ul>\n<h5>Wykonujemy roboty in\u017cynieryjne zwi\u0105zane z uzbrojeniem terenu (kanalizacja, woda, gaz).<\/h5>\n<h5>Wykonujemy roboty drogowe w tym:<\/h5>\n<ul>\n<li>drogi i place wewn\u0105trz-zak\u0142adowe w nawierzchniach z kostki betonowej i asfaltobetonu,<\/li>\n<li>drogi p.po\u017c w tym w technologii geokraty \u201cTaboss\u201d.<\/li>\n<\/ul>\n<h5>Wielokrotnie wykonywali\u015bmy stabilizacje grunt\u00f3w piaszczysto-gliniastych cementem pucolanowym Siliment Q25.<\/h5>\n<h5>Proponujemy stabilizacj\u0119 dynamiczn\u0105 s\u0142abych grunt\u00f3w w poziomie posadowienia.<\/h5>\n<p>Wszystkie nasze prace wykonujemy pod nadzorem s\u0142u\u017cb geotechnicznych.<\/p>\n<h5>\u015awiadczymy us\u0142ugi dotycz\u0105ce:<\/h5>\n<ul>\n<li>wynajmu maszyn,<\/li>\n<li>masowych dostaw materia\u0142\u00f3w.<\/li>\n<\/ul>\n<p>Nasza firma dysponuje kilkudziesi\u0119cioma jednostkami sprz\u0119towymi.<\/p>\n<h5>Oferujemy us\u0142ugi transportowe (krajowe i mi\u0119dzynarodowe).<\/h5>\n<p>Dysponujemy zestawami niskopodwoziowymi do przewozu sprz\u0119tu ci\u0119\u017ckiego i ponadgabarytowego.<\/p>\n<h5>W sprzeda\u017cy posiadamy z\u0142om u\u017cytkowy.<\/h5>\n<h5>Dla samochod\u00f3w osobowych i ci\u0119\u017carowych posiadamy miejsca parkingowe dozorowane przez ca\u0142\u0105 dob\u0119.<\/h5>\n<\/p><\/div> <\/div> <div class=\"w-separator type_default size_medium thick_5 style_solid color_custom cont_text\" style=\"border-color: #dd9933; color: #dd9933;\"><span class=\"w-separator-h\"><h6>Przyk\u0142adowe realizacje<\/h6><\/span><\/div><div class=\"wpb_text_column \"><div class=\"wpb_wrapper\">\n<h5>Wsp\u00f3\u0142pracowali\u015bmy z wieloma znanymi na rynku budowlanymi firmami wykonuj\u0105c roboty ziemne (makroniwelacje), drogowe i uzbrojenie terenu.<\/h5>\n<p>Nasz sprz\u0119t bra\u0142 udzia\u0142 w realizacji rob\u00f3t drogowych i ziemnych na obiektach:<\/p>\n<ul>\n<li>markety: Auchan, Tesco, Kaufland, Real,<\/li>\n<li>drogi: ul.D\u0142uga ,Wieniawskiego i wiele innych.<\/li>\n<\/ul>\n<p>Zrealizowali\u015bmy wiele rozbi\u00f3rek obiekt\u00f3w mieszkalnych i przemys\u0142owych:<\/p>\n<ul>\n<li>2003 r.- wykonali\u015bmy rozbi\u00f3rk\u0119 by\u0142ej ch\u0142odni Nordis o kubaturze ca 50.000 m3<\/li>\n<li>2004 \u2013 rozpocz\u0119li\u015bmy wsp\u00f3\u0142prac\u0119 z KBZM Korporacj\u0105 Budowlan\u0105 Zag\u0142\u0119bia Miedziowego bior\u0105c udzia\u0142 w realizacjach pawilon\u00f3w handlowych:\u00a0w Wa\u0142brzychu , Wroc\u0142awiu, Gnie\u017anie i S\u0142ubicach.<\/li>\n<li>w okresie pa\u017adziernik 2006 \u2013 luty 2007 zrealizowali\u015bmy platform\u0119 (nasyp 6000m3) \u0142\u0105cznie z robotami drogowymi marketu Biedronka w Boguszowie.<\/li>\n<li>na prze\u0142omie 2006\/2007 jako Generalny Wykonawca wykonali\u015bmy zbiornik retencyjny dla Gminy Jedlina Zdr\u00f3j.<\/li>\n<li>w 2007 wykonali\u015bmy dla Takenaka Europe GmbH Sp. z o.o. roboty ziemne, podbudowy i prace drogowe dla potrzeb rozbudowy fabryki Elektrolux w \u017barowie .<\/li>\n<li>w 2008 roku rozpocz\u0119li\u015bmy kompleksowe roboty ziemne (makroniwelacja ) i podbudowy ca 20 000 m2 dla firmy Heberger dla realizacji fabryki Ronal Wa\u0142brzych.<\/li>\n<\/ul>\n<p>Firma PUB Robert Zimny od trzech lat jest laureatem lokalnych presti\u017cowych nagr\u00f3d w konkursach na najlepsz\u0105 firm\u0119 roku \u2013 MUFLONY<\/p>\n<ul>\n<li>2005r. \u2013 III miejsce w\u015br\u00f3d ma\u0142ych firm,<\/li>\n<li>2006r. \u2013 I miejsce w\u015br\u00f3d ma\u0142ych firm<\/li>\n<li>2007r. \u2013 II miejsce w\u015br\u00f3d \u015brednich firm<\/li>\n<\/ul>\n<h4>Nasza Firma posiada Certyfikat Rzetelno\u015bci KRD.<\/h4>\n<\/div> <\/div> <\/div><\/div><\/div><\/section>\n","protected":false},"excerpt":{"rendered":"Przedsi\u0119biorstwo Us\u0142ugowo-Budowlane Robert Zimny w oparciu o d\u0142ugoletni\u0105 praktyk\u0119, pragnie zaoferowa\u0107 swoje us\u0142ugi w zakresie realizacji rob\u00f3t in\u017cynieryjnych. Specjalizujemy si\u0119 w przygotowaniu terenu pod zabudow\u0119. Wykonujemy: roboty makroniwelacyjne wraz z...","protected":false},"author":4,"featured_media":0,"parent":0,"menu_order":0,"comment_status":"closed","ping_status":"closed","template":"","meta":[],"aioseo_notices":[],"_links":{"self":[{"href":"http:\/\/robert-zimny.com.pl\/index.php\/wp-json\/wp\/v2\/pages\/4912"}],"collection":[{"href":"http:\/\/robert-zimny.com.pl\/index.php\/wp-json\/wp\/v2\/pages"}],"about":[{"href":"http:\/\/robert-zimny.com.pl\/index.php\/wp-json\/wp\/v2\/types\/page"}],"author":[{"embeddable":true,"href":"http:\/\/robert-zimny.com.pl\/index.php\/wp-json\/wp\/v2\/users\/4"}],"replies":[{"embeddable":true,"href":"http:\/\/robert-zimny.com.pl\/index.php\/wp-json\/wp\/v2\/comments?post=4912"}],"version-history":[{"count":7,"href":"http:\/\/robert-zimny.com.pl\/index.php\/wp-json\/wp\/v2\/pages\/4912\/revisions"}],"predecessor-version":[{"id":4919,"href":"http:\/\/robert-zimny.com.pl\/index.php\/wp-json\/wp\/v2\/pages\/4912\/revisions\/4919"}],"wp:attachment":[{"href":"http:\/\/robert-zimny.com.pl\/index.php\/wp-json\/wp\/v2\/media?parent=4912"}],"curies":[{"name":"wp","href":"https:\/\/api.w.org\/{rel}","templated":true}]}}