{"id":4899,"date":"2016-04-17T14:55:12","date_gmt":"2016-04-17T12:55:12","guid":{"rendered":"http:\/\/zimny.prosystem24.pl\/?page_id=4899"},"modified":"2016-04-18T22:37:23","modified_gmt":"2016-04-18T20:37:23","slug":"o-nas","status":"publish","type":"page","link":"http:\/\/robert-zimny.com.pl\/index.php\/o-nas\/","title":{"rendered":"O nas"},"content":{"rendered":"<section class=\"l-section wpb_row height_medium\"><div class=\"l-section-h i-cf\"><div class=\"g-cols offset_small\"><div class=\" full-width\"><div class=\"w-image  animate_afc\"><img width=\"2200\" height=\"861\" src=\"http:\/\/robert-zimny.com.pl\/wp-content\/uploads\/2016\/04\/robert-zimny.jpg\" class=\"attachment-full size-full\" alt=\"\" loading=\"lazy\" srcset=\"http:\/\/robert-zimny.com.pl\/wp-content\/uploads\/2016\/04\/robert-zimny.jpg 2200w, http:\/\/robert-zimny.com.pl\/wp-content\/uploads\/2016\/04\/robert-zimny-300x117.jpg 300w, http:\/\/robert-zimny.com.pl\/wp-content\/uploads\/2016\/04\/robert-zimny-768x301.jpg 768w, http:\/\/robert-zimny.com.pl\/wp-content\/uploads\/2016\/04\/robert-zimny-1024x401.jpg 1024w, http:\/\/robert-zimny.com.pl\/wp-content\/uploads\/2016\/04\/robert-zimny-600x235.jpg 600w\" sizes=\"(max-width: 2200px) 100vw, 2200px\" \/><\/div><div class=\"w-separator type_default size_medium thick_5 style_solid color_custom cont_text\" style=\"border-color: #dd9933; color: #dd9933;\"><span class=\"w-separator-h\"><h6>HISTORIA FIRMY<\/h6><\/span><\/div><div class=\"wpb_text_column \"><div class=\"wpb_wrapper\">\n<h5>Dlaczego za\u0142o\u017cy\u0142em firm\u0119?<\/h5>\n<p>Wraz ze zmianami gospodarczymi, stan\u0105\u0142em przed faktem utraty pracy. Przedsi\u0119biorstwo Mechanizacji Rolnictwa, w kt\u00f3rym by\u0142em zatrudniony zosta\u0142o zlikwidowane &#8211; by\u0142 to rok 1990.<\/p>\n<p>Nigdy nie odwa\u017cy\u0142bym si\u0119 na otworzenie w\u0142asnej dzia\u0142alno\u015bci gdyby nie fakt, \u017ce sta\u0142em si\u0119 osob\u0105 bezrobotn\u0105. Jako g\u0142owa rodziny, poczuwa\u0142em si\u0119 w obowi\u0105zku zapewnienia \u015brodk\u00f3w do \u017cycia<\/div> <\/div> <div class=\"wpb_text_column \"><div class=\"wpb_wrapper\">\n<h5>Sk\u0105d wzi\u0105\u0142em kapita\u0142?<\/h5>\n<p>Pierwszym pomys\u0142em pozyskania pieni\u0119dzy by\u0142 m\u00f3j w\u0142asny projekt i wykonanie przyczepki samochodowej. projekt i wykonanie sprawdzaj\u0105 si\u0119 do dzisiaj. Wykona\u0142em i sprzeda\u0142em je w takiej ilo\u015bci, aby zapewni\u0107 sobie dalszy rozw\u00f3j.<\/p>\n<p>Nadmieniam, \u017ce \u017cadnej reklamacji do tej pory nie by\u0142o.<\/p>\n<p>Po nasyceniu rynku, bazuj\u0105c na pozyskanych \u015brodkach, otworzy\u0142 si\u0119 dla mnie nowy kierunek dzia\u0142a\u0144.<\/p>\n<p>By\u0142 tym &#8222;bum&#8221; na stragany, a wraz z nimi rozw\u00f3j prywatnego handlu. W zwi\u0105zku z tym zaprojektowa\u0142em i zacz\u0105\u0142em wytwarza\u0107 stragany szcz\u0119kowe.<\/p>\n<p>Do dostarczenia towaru by\u0142 mi niezb\u0119dny samoch\u00f3d ci\u0119\u017carowy. Zakupi\u0142em wi\u0119c u\u017cywany pojazd marki STAR &#8211; tzw. izoterm\u0119.\u00a0Sam pomys\u0142 ze straganami okaza\u0142 si\u0119 strza\u0142em w dziesi\u0105tk\u0119.<\/p>\n<p>Z czasem jednak konkurencja okaza\u0142a si\u0119 zbyt du\u017ca. Wymusi\u0142o to na mnie szukania innej drogi dzia\u0142ania. Zacz\u0105\u0142em wi\u0119c robi\u0107 to na czym si\u0119 zna\u0142em i w czym czu\u0142em si\u0119 dobrze. Pomno\u017cony kapita\u0142 postanowi\u0142em zainwestowa\u0107 w firm\u0119.<\/p>\n<blockquote><p>Firm\u0119, kt\u00f3r\u0105 powo\u0142a\u0142em do \u017cycia 1 lipca 1991 roku.<\/p><\/blockquote>\n<\/div> <\/div> <div class=\"w-separator type_default size_medium thick_5 style_solid color_custom cont_text\" style=\"border-color: #dd9933; color: #dd9933;\"><span class=\"w-separator-h\"><h6>MISJA<\/h6><\/span><\/div><div class=\"wpb_text_column \"><div class=\"wpb_wrapper\"><strong>Przedsi\u0119biorstwo Us\u0142ugowo &#8211; Budowlane<\/strong> jest znan\u0105 i cenion\u0105 firm\u0105 oferuj\u0105c\u0105 swe us\u0142ugi z zakresu rob\u00f3t wykonywanych specjalistycznym sprz\u0119tem ci\u0119\u017ckim do realizowania zlece\u0144 typu wykopy, przygotowanie teren\u00f3w pod realizacj\u0119 inwestycji budowlanych, \u015bwiadczenia us\u0142ug wyburzeniowych, us\u0142ug transportowych (krajowych i mi\u0119dzynarodowych) i wynajem sprz\u0119tu.<\/p>\n<\/div> <\/div> <div class=\"w-separator type_default size_medium thick_5 style_solid color_custom cont_text\" style=\"border-color: #dd9933; color: #dd9933;\"><span class=\"w-separator-h\"><h6>WIZJA<\/h6><\/span><\/div><div class=\"wpb_text_column \"><div class=\"wpb_wrapper\"><p>Na aktualny wizerunek firmy sk\u0142ada si\u0119 25 letnie do\u015bwiadczenie zdobyte podczas realizowania zlece\u0144 naszych klient\u00f3w. Codzienno\u015bci\u0105 sta\u0142a si\u0119 gotowo\u015b\u0107 do podejmowania nowych zada\u0144 i wyzwa\u0144. Zgodnie z naszym mottem nieustannie doskonalimy jako\u015b\u0107 naszych us\u0142ug.<\/p>\n<h5>D\u0105\u017cymy do:<\/h5>\n<ul>\n<li>dba\u0142o\u015bci o \u015brodowisko naturalne,<\/li>\n<li>obni\u017cenia zu\u017cycia surowc\u00f3w, energii i materia\u0142\u00f3w,<\/li>\n<li>osi\u0105gni\u0119cia pozycji lidera w zakresie \u015bwiadczonych us\u0142ug,<\/li>\n<\/ul>\n<h5>Realizujemy przez:<\/h5>\n<ul>\n<li>ci\u0105g\u0142e podnoszenie kwalifikacji pracownik\u00f3w<\/li>\n<li>wsp\u00f3\u0142prac\u0119 z klientami i dostawcami w zakresie poprawy jako\u015bci i efektywno\u015bci dostarczanych us\u0142ug,<\/li>\n<li>stosowanie nowoczesnych metod zarz\u0105dzania i kontroli przep\u0142ywu informacji,<\/li>\n<li>regularne rozwijanie i aktualizowanie naszych cel\u00f3w i zada\u0144 w zakresie zarz\u0105dzania jako\u015bci\u0105 oraz ochron\u0105 \u015brodowiska na podstawie znacz\u0105cych aspekt\u00f3w \u015brodowiskowych,<\/li>\n<li>publiczne propagowanie i stosowanie idei kompleksowego i solidarnego dzia\u0142ania,<\/li>\n<li>fair-play w dzia\u0142aniu wobec przedsi\u0119biorstwa, pracownik\u00f3w, klient\u00f3w, gminy, regionu, pa\u0144stwa<\/li>\n<\/ul>\n<p>Polityka jako\u015bci, d\u0105\u017cenia oraz cele firmy s\u0105 znane, rozumiane i przestrzegane przez wszystkich pracownik\u00f3w, kt\u00f3rzy s\u0105 na bie\u017c\u0105co informowani i odpowiednio szkoleni.<\/p>\n<blockquote><p><strong><em>W my\u015bl zasady, \u017ce wszyscy razem odpowiadamy za wizerunek naszego przedsi\u0119biorstwa ka\u017cdy pracownik ma wp\u0142yw na jako\u015b\u0107 naszych us\u0142ug.<\/em><\/strong><\/p><\/blockquote>\n<\/p><\/div> <\/div> <div class=\"w-separator type_default size_medium thick_5 style_solid color_custom cont_text\" style=\"border-color: #dd9933; color: #dd9933;\"><span class=\"w-separator-h\"><h6>ROZW\u00d3J<\/h6><\/span><\/div><div class=\"wpb_text_column \"><div class=\"wpb_wrapper\">\n<h5><em>&#8222;Wybiega\u0107 my\u015blami w przysz\u0142o\u015b\u0107, ustala\u0107 standardy we w\u0142asnej bran\u017cy, wyprzedza\u0107 o krok konkurencj\u0119 poznawa\u0107 wymogi rynku i dostarczy\u0107 klientowi to czego potrzebuje&#8221;<\/em><\/h5>\n<p>Nowoczesno\u015b\u0107 funkcjonowania firmy jest wspomagana pracami maj\u0105cymi na celu ustawiczny rozw\u00f3j. Program rozwojowy przedsi\u0119biorstwa jest \u015bci\u015ble ukierunkowany na potrzeby naszych klient\u00f3w obecnych i przysz\u0142ych, w celu zaoferowania im najlepszych rozwi\u0105za\u0144.<\/p>\n<p>Nasi klienci s\u0105 bardzo wa\u017cni, dlatego blisko z nimi wsp\u00f3\u0142pracujemy, aby zapewni\u0107 im tyle wsparcia ile tylko potrzebuj\u0105 do rozwi\u0105zywania swoich problem\u00f3w.<\/p>\n<blockquote><p><strong><em>Nic nie jest dla nas za du\u017cym wyzwaniem. Dzi\u0119ki kompleksowo\u015bci \u015bwiadczonych przez nas us\u0142ug jeste\u015bmy silnym i niezawodnym partnerem naszych klient\u00f3w.<\/em><\/strong><\/p><\/blockquote>\n<p>Nasza firma dysponuje ponad 30-toma jednostkami sprz\u0119towymi. Gwarantujemy pe\u0142n\u0105 sprawno\u015b\u0107, dobry stan techniczny naszych maszyn oraz konkurencyjne ceny wynajmu.<\/p>\n<blockquote><p><em><strong>Sukcesywnie wymieniamy stare i zu\u017cyte maszyny zast\u0119puj\u0105c je najnowocze\u015bniejszym sprz\u0119tem, aby poszerzy\u0107 i polepszy\u0107 nasz\u0105 ofert\u0119.<\/strong><\/em><\/p><\/blockquote>\n<\/div> <\/div> <\/div><\/div><\/div><\/section>\n","protected":false},"excerpt":{"rendered":"HISTORIA FIRMY Dlaczego za\u0142o\u017cy\u0142em firm\u0119? Wraz ze zmianami gospodarczymi, stan\u0105\u0142em przed faktem utraty pracy. Przedsi\u0119biorstwo Mechanizacji Rolnictwa, w kt\u00f3rym by\u0142em zatrudniony zosta\u0142o zlikwidowane - by\u0142 to rok 1990. Nigdy nie...","protected":false},"author":4,"featured_media":4900,"parent":0,"menu_order":0,"comment_status":"closed","ping_status":"closed","template":"","meta":[],"aioseo_notices":[],"_links":{"self":[{"href":"http:\/\/robert-zimny.com.pl\/index.php\/wp-json\/wp\/v2\/pages\/4899"}],"collection":[{"href":"http:\/\/robert-zimny.com.pl\/index.php\/wp-json\/wp\/v2\/pages"}],"about":[{"href":"http:\/\/robert-zimny.com.pl\/index.php\/wp-json\/wp\/v2\/types\/page"}],"author":[{"embeddable":true,"href":"http:\/\/robert-zimny.com.pl\/index.php\/wp-json\/wp\/v2\/users\/4"}],"replies":[{"embeddable":true,"href":"http:\/\/robert-zimny.com.pl\/index.php\/wp-json\/wp\/v2\/comments?post=4899"}],"version-history":[{"count":11,"href":"http:\/\/robert-zimny.com.pl\/index.php\/wp-json\/wp\/v2\/pages\/4899\/revisions"}],"predecessor-version":[{"id":5033,"href":"http:\/\/robert-zimny.com.pl\/index.php\/wp-json\/wp\/v2\/pages\/4899\/revisions\/5033"}],"wp:featuredmedia":[{"embeddable":true,"href":"http:\/\/robert-zimny.com.pl\/index.php\/wp-json\/wp\/v2\/media\/4900"}],"wp:attachment":[{"href":"http:\/\/robert-zimny.com.pl\/index.php\/wp-json\/wp\/v2\/media?parent=4899"}],"curies":[{"name":"wp","href":"https:\/\/api.w.org\/{rel}","templated":true}]}}