{"id":12,"date":"2013-05-31T11:57:37","date_gmt":"2013-05-31T11:57:37","guid":{"rendered":"http:\/\/impreza.us-themes.net\/pages\/about\/"},"modified":"2016-03-20T20:10:12","modified_gmt":"2016-03-20T19:10:12","slug":"about","status":"publish","type":"page","link":"http:\/\/robert-zimny.com.pl\/index.php\/about\/","title":{"rendered":"O Firmie"},"content":{"rendered":"<section class=\"l-section wpb_row height_medium color_primary with_img parallax_hor bgwidth_120 with_overlay\"><div class=\"l-section-img\" style=\"background-image: url(http:\/\/robert-zimny.com.pl\/wp-content\/uploads\/2013\/05\/koparka1.jpg);\" data-img-width=\"7360\" data-img-height=\"4912\"><\/div><div class=\"l-section-overlay\" style=\"background-color: rgba(0,0,0,0.7)\"><\/div><div class=\"l-section-h i-cf\"><div class=\"g-cols offset_small\"><div class=\" full-width\"><div class=\"w-separator type_invisible size_huge thick_1 style_solid color_border cont_none\"><span class=\"w-separator-h\"><\/span><\/div><div class=\"wpb_text_column \"><div class=\"wpb_wrapper\">\n<h1 style=\"text-align: center;\"><strong>Przedsi\u0119biorstwo Us\u0142ugowo-Budowlane Robert Zimny w oparciu o d\u0142ugoletni\u0105 praktyk\u0119 pragnie zaoferowa\u0107 swoje us\u0142ugi w zakresie rob\u00f3t in\u017cynieryjnych.<\/strong><\/h1>\n<\/div> <\/div> <div class=\"w-separator type_invisible size_huge thick_1 style_solid color_border cont_none\"><span class=\"w-separator-h\"><\/span><\/div><\/div><\/div><\/div><\/section><section class=\"l-section wpb_row height_medium\"><div class=\"l-section-h i-cf\"><div class=\"g-cols offset_small\"><div class=\" full-width\"><div class=\"wpb_text_column \"><div class=\"wpb_wrapper\">\n<h2 style=\"text-align: center;\">Historia firmy<\/h2>\n<\/div> <\/div> <div class=\"wpb_text_column \"><div class=\"wpb_wrapper\"><p>Wsp\u00f3\u0142pracowali\u015bmy z wieloma znanymi na rynku budowlanymi firmami wykonuj\u0105c roboty ziemne (makroniwelacje), drogowe i uzbrojenie terenu. Nasz sprz\u0119t bra\u0142 udzia\u0142 w realizacji rob\u00f3t drogowych i ziemnych na obiektach:<\/p>\n<ul>\n<li><strong>markety: Auchan, Tesco, Kaufland, Real,<\/strong><\/li>\n<li><strong>drogi: ul.D\u0142uga ,Wieniawskiego i wiele innych.<\/strong><\/li>\n<\/ul>\n<h3>Zrealizowali\u015bmy wiele rozbi\u00f3rek obiekt\u00f3w mieszkalnych i przemys\u0142owych:<\/h3>\n<ul>\n<li>W 2003 r.- wykonali\u015bmy rozbi\u00f3rk\u0119 by\u0142ej ch\u0142odni Nordis o kubaturze ca 50.000m3<\/li>\n<li>2004 \u2013 rozpocz\u0119li\u015bmy wsp\u00f3lprac\u0119 z KBZM Korporacj\u0105 Budowlan\u0105 Zag\u0142\u0119bia Miedziowego bior\u0105c udzia\u0142 w realizacjach pawilon\u00f3w handlowych w: Wa\u0142brzychu , Wroc\u0142awiu, Gnie\u017anie i S\u0142ubicach.<\/li>\n<\/ul>\n<p>W okresie pa\u017adziernik 2006 \u2013 luty 2007 zrealizowali\u015bmy platform\u0119 (nasyp 6000m3) \u0142\u0105cznie z robotami drogowymi marketu Biedronka w Boguszowie.<\/p>\n<p>Na prze\u0142omie 2006\/2007 jako Generalny Wykonawca wykonali\u015bmy zbiornik retencyjny dla Gminy Jedlina Zdr\u00f3j.<\/p>\n<p>W 2007 wykonali\u015bmy dla Takenaka Europe GmbH Sp. z o.o. roboty ziemne, podbudowy i prace drogowe dla potrzeb rozbudowy fabryki Elektrolux w \u017barowie .<\/p>\n<p>W 2008 roku rozpocz\u0119li\u015bmy kompleksowe roboty ziemne (makroniwelacja ) i podbudowy ca 20 000 m2 dla firmy Heberger dla realizacji fabryki Ronal Wa\u0142brzych.<\/p>\n<p>Firma PUB Robert Zimny od trzech lat jest laureatem lokalnych presti\u017cowych nagr\u00f3d w konkursach na najlepsz\u0105 firm\u0119 roku \u2013 MUFLONY<\/p>\n<ul>\n<li><strong>2005 r. \u2013 III miejsce w\u015br\u00f3d ma\u0142ych firm<\/strong><\/li>\n<li><strong>2006 r. \u2013 I miejsce w\u015br\u00f3d ma\u0142ych firm<\/strong><\/li>\n<li><strong>2007 r. \u2013 II miejsce w\u015br\u00f3d \u015brednich firm<\/strong><\/li>\n<\/ul>\n<h4 style=\"text-align: center;\">Nasza Firma posiada Certyfikat Rzetelno\u015bci KRD.<\/h4>\n<\/p><\/div> <\/div> <div class=\"w-separator type_default size_medium thick_1 style_solid color_border cont_none\"><span class=\"w-separator-h\"><\/span><\/div><\/div><\/div><\/div><\/section><section class=\"l-section wpb_row height_medium\"><div class=\"l-section-h i-cf\"><div class=\"g-cols offset_small\"><div class=\" full-width  vc_custom_1458501024902\"><div class=\"wpb_text_column \"><div class=\"wpb_wrapper\">\n<h2 style=\"text-align: center;\">Nasz zesp\u00f3\u0142<\/h2>\n<\/div> <\/div> <div class=\"wpb_text_column \"><div class=\"wpb_wrapper\"><p>Kadr\u0119 zarz\u0105dzaj\u0105c\u0105 naszej firmy stanowi\u0105 osoby o wieloletnim do\u015bwiadczeniu w prowadzeniu wszelkiego rodzaju rob\u00f3t budowlanych, remont\u00f3w:<\/p><\/div> <\/div> <div class=\"w-separator type_invisible size_medium thick_1 style_solid color_border cont_none\"><span class=\"w-separator-h\"><\/span><\/div><div class=\"g-cols wpb_row offset_small vc_inner \"><div class=\" one-quarter animate_afc\"><div class=\"w-person layout_toplinks with_icons\"><div class=\"w-person-image\"><img src=\"http:\/\/robert-zimny.com.pl\/wp-content\/uploads\/2015\/12\/us-placeholder-square-350x350.jpg\" width=\"350\" height=\"350\" alt=\"Micha\u0142 Kowalski\"><div class=\"w-person-links\"><div class=\"w-person-links-list\"><a class=\"w-person-links-item\" href=\"http:\/\/www.linkedin.com\/\" target=\"_blank\"><i class=\"fa fa-linkedin\"><\/i><\/a><\/div><\/div><\/div><div class=\"w-person-content\"><h4 class=\"w-person-name\"><span>Micha\u0142 Kowalski<\/span><\/h4><div class=\"w-person-role\">CEO<\/div><div class=\"w-person-description\">Lorem ipsum dolor sit amet, consectetur adipiscing elit. Morbi sagittis, sem quis lacinia faucibus, orci ipsum gravida tortor.<\/p>\n<\/div><\/div><\/div><\/div><div class=\" one-quarter animate_afc d1\"><div class=\"w-person layout_toplinks\"><div class=\"w-person-image\"><img src=\"http:\/\/robert-zimny.com.pl\/wp-content\/uploads\/2015\/12\/us-placeholder-square-350x350.jpg\" width=\"350\" height=\"350\" alt=\"Adam Nowak\"><\/div><div class=\"w-person-content\"><h4 class=\"w-person-name\"><span>Adam Nowak<\/span><\/h4><div class=\"w-person-role\">Art Director<\/div><div class=\"w-person-description\">Lorem ipsum dolor sit amet, consectetur adipiscing elit. Morbi sagittis, sem quis lacinia faucibus, orci ipsum gravida tortor.<\/p>\n<\/div><\/div><\/div><\/div><div class=\" one-quarter animate_afc d2\"><div class=\"w-person layout_toplinks\"><div class=\"w-person-image\"><img src=\"http:\/\/robert-zimny.com.pl\/wp-content\/uploads\/2015\/12\/us-placeholder-square-350x350.jpg\" width=\"350\" height=\"350\" alt=\"Zbigniew Nowak\"><\/div><div class=\"w-person-content\"><h4 class=\"w-person-name\"><span>Zbigniew Nowak<\/span><\/h4><div class=\"w-person-role\">Developer<\/div><div class=\"w-person-description\">Lorem ipsum dolor sit amet, consectetur adipiscing elit. Morbi sagittis, sem quis lacinia faucibus, orci ipsum gravida tortor.<\/p>\n<\/div><\/div><\/div><\/div><div class=\" one-quarter\"><div class=\"w-person layout_toplinks\"><div class=\"w-person-image\"><img src=\"http:\/\/robert-zimny.com.pl\/wp-content\/uploads\/2015\/12\/us-placeholder-square-350x350.jpg\" width=\"350\" height=\"350\" alt=\"Aleksandra Kowalska\"><\/div><div class=\"w-person-content\"><h4 class=\"w-person-name\"><span>Aleksandra Kowalska<\/span><\/h4><div class=\"w-person-role\">Developer<\/div><div class=\"w-person-description\">Lorem ipsum dolor sit amet, consectetur adipiscing elit. Morbi sagittis, sem quis lacinia faucibus, orci ipsum gravida tortor.<\/p>\n<\/div><\/div><\/div><\/div><\/div><div class=\"w-separator type_invisible size_medium thick_1 style_solid color_border cont_none\"><span class=\"w-separator-h\"><\/span><\/div><\/div><\/div><\/div><\/section><section class=\"l-section wpb_row height_medium color_secondary\"><div class=\"l-section-h i-cf\"><div class=\"g-cols offset_small\"><div class=\" full-width animate_fade\"><div class=\"w-actionbox color_secondary controls_right\"><div class=\"w-actionbox-text\"><h2>Wszystkich zainteresowanych wsp\u00f3\u0142prac\u0105 z nami zapraszamy do dzia\u0142u kontakt.<\/h2><\/div><div class=\"w-actionbox-controls\"><a class=\"w-btn color_white style_outlined size_large icon_none\" href=\"\/contact\/\"><span class=\"w-btn-label\">Kontakt<\/span><\/a><\/div><\/div><\/div><\/div><\/div><\/section>\n","protected":false},"excerpt":{"rendered":"Przedsi\u0119biorstwo Us\u0142ugowo-Budowlane Robert Zimny w oparciu o d\u0142ugoletni\u0105 praktyk\u0119 pragnie zaoferowa\u0107 swoje us\u0142ugi w zakresie rob\u00f3t in\u017cynieryjnych. Historia firmy Wsp\u00f3\u0142pracowali\u015bmy z wieloma znanymi na rynku budowlanymi firmami wykonuj\u0105c roboty ziemne...","protected":false},"author":4,"featured_media":0,"parent":0,"menu_order":0,"comment_status":"closed","ping_status":"closed","template":"","meta":[],"aioseo_notices":[],"_links":{"self":[{"href":"http:\/\/robert-zimny.com.pl\/index.php\/wp-json\/wp\/v2\/pages\/12"}],"collection":[{"href":"http:\/\/robert-zimny.com.pl\/index.php\/wp-json\/wp\/v2\/pages"}],"about":[{"href":"http:\/\/robert-zimny.com.pl\/index.php\/wp-json\/wp\/v2\/types\/page"}],"author":[{"embeddable":true,"href":"http:\/\/robert-zimny.com.pl\/index.php\/wp-json\/wp\/v2\/users\/4"}],"replies":[{"embeddable":true,"href":"http:\/\/robert-zimny.com.pl\/index.php\/wp-json\/wp\/v2\/comments?post=12"}],"version-history":[{"count":9,"href":"http:\/\/robert-zimny.com.pl\/index.php\/wp-json\/wp\/v2\/pages\/12\/revisions"}],"predecessor-version":[{"id":4854,"href":"http:\/\/robert-zimny.com.pl\/index.php\/wp-json\/wp\/v2\/pages\/12\/revisions\/4854"}],"wp:attachment":[{"href":"http:\/\/robert-zimny.com.pl\/index.php\/wp-json\/wp\/v2\/media?parent=12"}],"curies":[{"name":"wp","href":"https:\/\/api.w.org\/{rel}","templated":true}]}}